{"id":108,"date":"2025-01-28T13:50:19","date_gmt":"2025-01-28T13:50:19","guid":{"rendered":"https:\/\/chateaudesfougeres.fr\/?page_id=108"},"modified":"2025-01-28T14:13:45","modified_gmt":"2025-01-28T14:13:45","slug":"mentions-legales","status":"publish","type":"page","link":"https:\/\/chateaudesfougeres.fr\/index.php\/mentions-legales\/","title":{"rendered":"MENTIONS L\u00c9GALES"},"content":{"rendered":"\n<p><strong>MENTIONS L\u00c9GALES &#8211; SC CH\u00c2TEAU DES FOUG\u00c8RES<\/strong><\/p>\n\n\n\n<p><strong>INFORMATIONS SUR LA SOCI\u00c9T\u00c9<\/strong><\/p>\n\n\n\n<p>SC CH\u00c2TEAU DES FOUG\u00c8RES<\/p>\n\n\n\n<p>Ch\u00e2teau des Foug\u00e8res 33650 La Br\u00e8de<\/p>\n\n\n\n<p>Tel&nbsp;: + 33 5 58 51 08 68<\/p>\n\n\n\n<p>Soci\u00e9t\u00e9 Civile au capital de 4 000&nbsp;000 euros<\/p>\n\n\n\n<p>521&nbsp;317 065 RCS Bordeaux<\/p>\n\n\n\n<p>N\u00b0 identifiant TVA FR31&nbsp;521&nbsp;317 365<\/p>\n\n\n\n<p>Directeur de publication&nbsp;: Alain LEMAIRE<\/p>\n\n\n\n<p>Vous pouvez nous contacter par mail par contact@chateaudesfougeres.fr<\/p>\n\n\n\n<p><strong>DONN\u00c9ES \u00c0 CARACT\u00c8RE PERSONNEL<\/strong><\/p>\n\n\n\n<p>SC CH\u00c2TEAU DES FOUG\u00c8RES s\u2019engage \u00e0 ce que les traitements de donn\u00e9es personnelles effectu\u00e9es sur www.chateaudesfougeres.fr et www.montesquieu-bordeaux.com soient conformes au r\u00e8glement g\u00e9n\u00e9ral sur la protection des donn\u00e9es (RGPD) et \u00e0 la loi Informatique et Libert\u00e9s.<\/p>\n\n\n\n<p>Pour en savoir plus, sur les traitements mis en \u0153uvre sur ce site, veuillez consulter la Charte de protection des donn\u00e9es personnelles.<\/p>\n\n\n\n<p><strong>UTILISATION DES COOKIES ET AUTRES TRACEURS (\u00ab&nbsp;COOKIES&nbsp;\u00bb)<\/strong><\/p>\n\n\n\n<p>Lors de la navigation sur le site, des cookies sont d\u00e9pos\u00e9s sur le navigateur de l\u2019utilisateur. Certains cookies n\u00e9cessitent le consentement de ce dernier. Si l\u2019utilisateur donne son accord (consentement), ces cookies seront d\u00e9pos\u00e9s pour permettre de visualiser directement sur landema.com du contenu h\u00e9berg\u00e9 par des tiers.<\/p>\n\n\n\n<p>Pour en savoir plus sur l\u2019utilisation des cookies sur ce site, veuillez consulter la charte relative aux cookies.<\/p>\n\n\n\n<p><strong>R\u00c9ALISATION DU SITE ET HEBERGEMENT<\/strong><\/p>\n\n\n\n<p>Ce site est h\u00e9berg\u00e9 par Cpanel<\/p>\n\n\n\n<p>Adresse : 2550 North Loop W., Suite 4006<br>Houston, TX 77092, \u00c9tats-Unis d&rsquo;Am\u00e9rique<\/p>\n\n\n\n<p>T\u00e9l&nbsp;: +1.713.529.0800<\/p>\n\n\n\n<p>Site web&nbsp;: <a href=\"https:\/\/cpanel.net\/\">https:\/\/cpanel.net\/<\/a><\/p>\n\n\n\n<p><strong>DROIT APPLICABLE<\/strong><\/p>\n\n\n\n<p>Les conditions d\u2019utilisation du site, de m\u00eame que les conditions g\u00e9n\u00e9rales de vente sont soumises \u00e0 la loi fran\u00e7aise.<\/p>\n\n\n\n<p><strong>CONTENU PHOTO<\/strong><\/p>\n\n\n\n<p>Certaines photos utilis\u00e9es sur la page d\u2019accueil (ou sur les diff\u00e9rentes pages du site) ont \u00e9t\u00e9 prises par Matthieu Sartre (\u00e9ventuellement dans le cadre d\u2019un partenariat).<\/p>\n\n\n\n<p>Le copyright est mentionn\u00e9 sur chaque photo.<\/p>\n","protected":false},"excerpt":{"rendered":"<p>MENTIONS L\u00c9GALES &#8211; SC CH\u00c2TEAU DES FOUG\u00c8RES INFORMATIONS SUR LA SOCI\u00c9T\u00c9 SC CH\u00c2TEAU DES FOUG\u00c8RES Ch\u00e2teau des Foug\u00e8res 33650 La Br\u00e8de Tel&nbsp;: + 33 5 58 51 08 68 Soci\u00e9t\u00e9 Civile au capital de 4 000&nbsp;000 euros 521&nbsp;317 065 RCS Bordeaux N\u00b0 identifiant TVA FR31&nbsp;521&nbsp;317 365 Directeur de publication&nbsp;: Alain LEMAIRE Vous pouvez nous contacter [&hellip;]<\/p>\n","protected":false},"author":1,"featured_media":0,"parent":0,"menu_order":0,"comment_status":"closed","ping_status":"closed","template":"","meta":{"footnotes":""},"class_list":["post-108","page","type-page","status-publish","hentry"],"yoast_head":"<!-- This site is optimized with the Yoast SEO plugin v26.7 - https:\/\/yoast.com\/wordpress\/plugins\/seo\/ -->\n<title>MENTIONS L\u00c9GALES - Le Ch\u00e2teau des Foug\u00e8res Clos Montesquieu<\/title>\n<meta name=\"description\" content=\"Retrouvez toutes les mentions l\u00e9gales du site internet du Ch\u00e2teau des Foug\u00e8res 2025.\" \/>\n<meta name=\"robots\" content=\"index, follow, max-snippet:-1, max-image-preview:large, max-video-preview:-1\" \/>\n<link rel=\"canonical\" href=\"https:\/\/chateaudesfougeres.fr\/index.php\/mentions-legales\/\" \/>\n<meta property=\"og:locale\" content=\"fr_FR\" \/>\n<meta property=\"og:type\" content=\"article\" \/>\n<meta property=\"og:title\" content=\"MENTIONS L\u00c9GALES - Le Ch\u00e2teau des Foug\u00e8res Clos Montesquieu\" \/>\n<meta property=\"og:description\" content=\"Retrouvez toutes les mentions l\u00e9gales du site internet du Ch\u00e2teau des Foug\u00e8res 2025.\" \/>\n<meta property=\"og:url\" content=\"https:\/\/chateaudesfougeres.fr\/index.php\/mentions-legales\/\" \/>\n<meta property=\"og:site_name\" content=\"Le Ch\u00e2teau des Foug\u00e8res Clos Montesquieu\" \/>\n<meta property=\"article:modified_time\" content=\"2025-01-28T14:13:45+00:00\" \/>\n<meta name=\"twitter:card\" content=\"summary_large_image\" \/>\n<meta name=\"twitter:label1\" content=\"Dur\u00e9e de lecture estim\u00e9e\" \/>\n\t<meta name=\"twitter:data1\" content=\"2 minutes\" \/>\n<script type=\"application\/ld+json\" class=\"yoast-schema-graph\">{\"@context\":\"https:\/\/schema.org\",\"@graph\":[{\"@type\":\"WebPage\",\"@id\":\"https:\/\/chateaudesfougeres.fr\/index.php\/mentions-legales\/\",\"url\":\"https:\/\/chateaudesfougeres.fr\/index.php\/mentions-legales\/\",\"name\":\"MENTIONS L\u00c9GALES - Le Ch\u00e2teau des Foug\u00e8res Clos Montesquieu\",\"isPartOf\":{\"@id\":\"https:\/\/chateaudesfougeres.fr\/#website\"},\"datePublished\":\"2025-01-28T13:50:19+00:00\",\"dateModified\":\"2025-01-28T14:13:45+00:00\",\"description\":\"Retrouvez toutes les mentions l\u00e9gales du site internet du Ch\u00e2teau des Foug\u00e8res 2025.\",\"breadcrumb\":{\"@id\":\"https:\/\/chateaudesfougeres.fr\/index.php\/mentions-legales\/#breadcrumb\"},\"inLanguage\":\"fr-FR\",\"potentialAction\":[{\"@type\":\"ReadAction\",\"target\":[\"https:\/\/chateaudesfougeres.fr\/index.php\/mentions-legales\/\"]}]},{\"@type\":\"BreadcrumbList\",\"@id\":\"https:\/\/chateaudesfougeres.fr\/index.php\/mentions-legales\/#breadcrumb\",\"itemListElement\":[{\"@type\":\"ListItem\",\"position\":1,\"name\":\"Accueil\",\"item\":\"https:\/\/chateaudesfougeres.fr\/\"},{\"@type\":\"ListItem\",\"position\":2,\"name\":\"MENTIONS L\u00c9GALES\"}]},{\"@type\":\"WebSite\",\"@id\":\"https:\/\/chateaudesfougeres.fr\/#website\",\"url\":\"https:\/\/chateaudesfougeres.fr\/\",\"name\":\"CH\u00c2TEAU DES FOUG\u00c8RES\",\"description\":\"\",\"publisher\":{\"@id\":\"https:\/\/chateaudesfougeres.fr\/#organization\"},\"potentialAction\":[{\"@type\":\"SearchAction\",\"target\":{\"@type\":\"EntryPoint\",\"urlTemplate\":\"https:\/\/chateaudesfougeres.fr\/?s={search_term_string}\"},\"query-input\":{\"@type\":\"PropertyValueSpecification\",\"valueRequired\":true,\"valueName\":\"search_term_string\"}}],\"inLanguage\":\"fr-FR\"},{\"@type\":\"Organization\",\"@id\":\"https:\/\/chateaudesfougeres.fr\/#organization\",\"name\":\"CH\u00c2TEAU DES FOUG\u00c8RES\",\"url\":\"https:\/\/chateaudesfougeres.fr\/\",\"logo\":{\"@type\":\"ImageObject\",\"inLanguage\":\"fr-FR\",\"@id\":\"https:\/\/chateaudesfougeres.fr\/#\/schema\/logo\/image\/\",\"url\":\"https:\/\/chateaudesfougeres.fr\/wp-content\/uploads\/2025\/01\/BLASON-CDF-2021-DORE-BLANC-2.png\",\"contentUrl\":\"https:\/\/chateaudesfougeres.fr\/wp-content\/uploads\/2025\/01\/BLASON-CDF-2021-DORE-BLANC-2.png\",\"width\":3576,\"height\":2495,\"caption\":\"CH\u00c2TEAU DES FOUG\u00c8RES\"},\"image\":{\"@id\":\"https:\/\/chateaudesfougeres.fr\/#\/schema\/logo\/image\/\"},\"sameAs\":[\"https:\/\/www.linkedin.com\/company\/chateau-des-fougeres-clos-montesquieu\/?viewAsMember=true\",\"https:\/\/www.instagram.com\/chateau_des_fougeres\/\"]}]}<\/script>\n<!-- \/ Yoast SEO plugin. -->","yoast_head_json":{"title":"MENTIONS L\u00c9GALES - Le Ch\u00e2teau des Foug\u00e8res Clos Montesquieu","description":"Retrouvez toutes les mentions l\u00e9gales du site internet du Ch\u00e2teau des Foug\u00e8res 2025.","robots":{"index":"index","follow":"follow","max-snippet":"max-snippet:-1","max-image-preview":"max-image-preview:large","max-video-preview":"max-video-preview:-1"},"canonical":"https:\/\/chateaudesfougeres.fr\/index.php\/mentions-legales\/","og_locale":"fr_FR","og_type":"article","og_title":"MENTIONS L\u00c9GALES - Le Ch\u00e2teau des Foug\u00e8res Clos Montesquieu","og_description":"Retrouvez toutes les mentions l\u00e9gales du site internet du Ch\u00e2teau des Foug\u00e8res 2025.","og_url":"https:\/\/chateaudesfougeres.fr\/index.php\/mentions-legales\/","og_site_name":"Le Ch\u00e2teau des Foug\u00e8res Clos Montesquieu","article_modified_time":"2025-01-28T14:13:45+00:00","twitter_card":"summary_large_image","twitter_misc":{"Dur\u00e9e de lecture estim\u00e9e":"2 minutes"},"schema":{"@context":"https:\/\/schema.org","@graph":[{"@type":"WebPage","@id":"https:\/\/chateaudesfougeres.fr\/index.php\/mentions-legales\/","url":"https:\/\/chateaudesfougeres.fr\/index.php\/mentions-legales\/","name":"MENTIONS L\u00c9GALES - Le Ch\u00e2teau des Foug\u00e8res Clos Montesquieu","isPartOf":{"@id":"https:\/\/chateaudesfougeres.fr\/#website"},"datePublished":"2025-01-28T13:50:19+00:00","dateModified":"2025-01-28T14:13:45+00:00","description":"Retrouvez toutes les mentions l\u00e9gales du site internet du Ch\u00e2teau des Foug\u00e8res 2025.","breadcrumb":{"@id":"https:\/\/chateaudesfougeres.fr\/index.php\/mentions-legales\/#breadcrumb"},"inLanguage":"fr-FR","potentialAction":[{"@type":"ReadAction","target":["https:\/\/chateaudesfougeres.fr\/index.php\/mentions-legales\/"]}]},{"@type":"BreadcrumbList","@id":"https:\/\/chateaudesfougeres.fr\/index.php\/mentions-legales\/#breadcrumb","itemListElement":[{"@type":"ListItem","position":1,"name":"Accueil","item":"https:\/\/chateaudesfougeres.fr\/"},{"@type":"ListItem","position":2,"name":"MENTIONS L\u00c9GALES"}]},{"@type":"WebSite","@id":"https:\/\/chateaudesfougeres.fr\/#website","url":"https:\/\/chateaudesfougeres.fr\/","name":"CH\u00c2TEAU DES FOUG\u00c8RES","description":"","publisher":{"@id":"https:\/\/chateaudesfougeres.fr\/#organization"},"potentialAction":[{"@type":"SearchAction","target":{"@type":"EntryPoint","urlTemplate":"https:\/\/chateaudesfougeres.fr\/?s={search_term_string}"},"query-input":{"@type":"PropertyValueSpecification","valueRequired":true,"valueName":"search_term_string"}}],"inLanguage":"fr-FR"},{"@type":"Organization","@id":"https:\/\/chateaudesfougeres.fr\/#organization","name":"CH\u00c2TEAU DES FOUG\u00c8RES","url":"https:\/\/chateaudesfougeres.fr\/","logo":{"@type":"ImageObject","inLanguage":"fr-FR","@id":"https:\/\/chateaudesfougeres.fr\/#\/schema\/logo\/image\/","url":"https:\/\/chateaudesfougeres.fr\/wp-content\/uploads\/2025\/01\/BLASON-CDF-2021-DORE-BLANC-2.png","contentUrl":"https:\/\/chateaudesfougeres.fr\/wp-content\/uploads\/2025\/01\/BLASON-CDF-2021-DORE-BLANC-2.png","width":3576,"height":2495,"caption":"CH\u00c2TEAU DES FOUG\u00c8RES"},"image":{"@id":"https:\/\/chateaudesfougeres.fr\/#\/schema\/logo\/image\/"},"sameAs":["https:\/\/www.linkedin.com\/company\/chateau-des-fougeres-clos-montesquieu\/?viewAsMember=true","https:\/\/www.instagram.com\/chateau_des_fougeres\/"]}]}},"_links":{"self":[{"href":"https:\/\/chateaudesfougeres.fr\/index.php\/wp-json\/wp\/v2\/pages\/108","targetHints":{"allow":["GET"]}}],"collection":[{"href":"https:\/\/chateaudesfougeres.fr\/index.php\/wp-json\/wp\/v2\/pages"}],"about":[{"href":"https:\/\/chateaudesfougeres.fr\/index.php\/wp-json\/wp\/v2\/types\/page"}],"author":[{"embeddable":true,"href":"https:\/\/chateaudesfougeres.fr\/index.php\/wp-json\/wp\/v2\/users\/1"}],"replies":[{"embeddable":true,"href":"https:\/\/chateaudesfougeres.fr\/index.php\/wp-json\/wp\/v2\/comments?post=108"}],"version-history":[{"count":4,"href":"https:\/\/chateaudesfougeres.fr\/index.php\/wp-json\/wp\/v2\/pages\/108\/revisions"}],"predecessor-version":[{"id":121,"href":"https:\/\/chateaudesfougeres.fr\/index.php\/wp-json\/wp\/v2\/pages\/108\/revisions\/121"}],"wp:attachment":[{"href":"https:\/\/chateaudesfougeres.fr\/index.php\/wp-json\/wp\/v2\/media?parent=108"}],"curies":[{"name":"wp","href":"https:\/\/api.w.org\/{rel}","templated":true}]}}