{"id":145,"date":"2025-03-21T14:08:57","date_gmt":"2025-03-21T14:08:57","guid":{"rendered":"https:\/\/chateaudesfougeres.fr\/?page_id=145"},"modified":"2025-11-26T15:55:37","modified_gmt":"2025-11-26T15:55:37","slug":"boutique","status":"publish","type":"page","link":"https:\/\/chateaudesfougeres.fr\/index.php\/boutique\/","title":{"rendered":"BOUTIQUE"},"content":{"rendered":"\n<p>D\u00e9couvrez notre s\u00e9lection raffin\u00e9e, issue de notre vignoble bordelais, dans notre point de vente Landema <\/p>\n\n\n\n<div class=\"wp-block-columns is-layout-flex wp-container-core-columns-is-layout-28f84493 wp-block-columns-is-layout-flex\">\n<div class=\"wp-block-column is-layout-flow wp-block-column-is-layout-flow\">\n<figure class=\"wp-block-gallery has-nested-images columns-default is-cropped wp-block-gallery-1 is-layout-flex wp-block-gallery-is-layout-flex\">\n<figure class=\"wp-block-image size-large\"><img loading=\"lazy\" decoding=\"async\" width=\"680\" height=\"453\" data-id=\"272\" src=\"https:\/\/chateaudesfougeres.fr\/wp-content\/uploads\/2025\/11\/landema.webp\" alt=\"\" class=\"wp-image-272\" srcset=\"https:\/\/chateaudesfougeres.fr\/wp-content\/uploads\/2025\/11\/landema.webp 680w, https:\/\/chateaudesfougeres.fr\/wp-content\/uploads\/2025\/11\/landema-300x200.webp 300w\" sizes=\"auto, (max-width: 680px) 100vw, 680px\" \/><\/figure>\n<\/figure>\n<\/div>\n\n\n\n<div class=\"wp-block-column is-layout-flow wp-block-column-is-layout-flow\">\n<p><strong><a href=\"https:\/\/www.google.com\/search?sca_esv=4b0dd27820f27a02&amp;rlz=1C1GCFB_enFR1178FR1178&amp;sxsrf=AE3TifP9arIHstzEi1U2sY46R86ThrX4JQ:1764172306896&amp;q=landema+adresse&amp;ludocid=14321758156709178963&amp;sa=X&amp;sqi=2&amp;ved=2ahUKEwjYh7P9lZCRAxWjNPsDHTFGO9kQ6BN6BAgpEAI\" target=\"_blank\" rel=\"noreferrer noopener\">Adresse<\/a>\u00a0:\u00a0<\/strong><\/p>\n\n\n\n<p><a href=\"https:\/\/www.google.com\/maps\/place\/\/data=!4m2!3m1!1s0xd55b72debf06973:0xc6c11b29e1b42e53?sa=X&amp;ved=1t:8290&amp;ictx=111\" target=\"_blank\" rel=\"noreferrer noopener\">2760 Route de B\u00e9lis, 40420 Le Sen<\/a><\/p>\n\n\n\n<p><strong>T\u00e9l\u00e9phone\u00a0:\u00a0<\/strong>05 58 51 08 70<\/p>\n\n\n\n<p><strong><a href=\"https:\/\/www.google.com\/search?sca_esv=4b0dd27820f27a02&amp;rlz=1C1GCFB_enFR1178FR1178&amp;sxsrf=AE3TifP9arIHstzEi1U2sY46R86ThrX4JQ:1764172306896&amp;q=landema+horaires&amp;ludocid=14321758156709178963&amp;sa=X&amp;sqi=2&amp;ved=2ahUKEwjYh7P9lZCRAxWjNPsDHTFGO9kQ6BN6BAgwEAI\" target=\"_blank\" rel=\"noreferrer noopener\">Horaires<\/a>\u00a0:\u00a0<\/strong><\/p>\n\n\n\n<figure class=\"wp-block-table\"><table class=\"has-fixed-layout\"><tbody><tr><td class=\"has-text-align-center\" data-align=\"center\">Lundi<\/td><td class=\"has-text-align-center\" data-align=\"center\">Ferm\u00e9<\/td><\/tr><tr><td class=\"has-text-align-center\" data-align=\"center\">Mardi<\/td><td class=\"has-text-align-center\" data-align=\"center\">10:00\u201313:00, 15:00\u201318:00<\/td><\/tr><tr><td class=\"has-text-align-center\" data-align=\"center\">Mercredi<\/td><td class=\"has-text-align-center\" data-align=\"center\">10:00\u201313:00, 15:00\u201318:00<\/td><\/tr><tr><td class=\"has-text-align-center\" data-align=\"center\">Jeudi<\/td><td class=\"has-text-align-center\" data-align=\"center\">10:00\u201313:00, 15:00\u201318:00<\/td><\/tr><tr><td class=\"has-text-align-center\" data-align=\"center\">Vendredi<\/td><td class=\"has-text-align-center\" data-align=\"center\">10:00\u201313:00, 15:00\u201318:00<\/td><\/tr><tr><td class=\"has-text-align-center\" data-align=\"center\">Samedi<\/td><td class=\"has-text-align-center\" data-align=\"center\">10:00\u201317:00<\/td><\/tr><tr><td class=\"has-text-align-center\" data-align=\"center\">Dimanche<\/td><td class=\"has-text-align-center\" data-align=\"center\">Ferm\u00e9<\/td><\/tr><\/tbody><\/table><\/figure>\n<\/div>\n<\/div>\n","protected":false},"excerpt":{"rendered":"<p>D\u00e9couvrez notre s\u00e9lection raffin\u00e9e, issue de notre vignoble bordelais, dans notre point de vente Landema Adresse\u00a0:\u00a0 2760 Route de B\u00e9lis, 40420 Le Sen T\u00e9l\u00e9phone\u00a0:\u00a005 58 51 08 70 Horaires\u00a0:\u00a0 Lundi Ferm\u00e9 Mardi 10:00\u201313:00, 15:00\u201318:00 Mercredi 10:00\u201313:00, 15:00\u201318:00 Jeudi 10:00\u201313:00, 15:00\u201318:00 Vendredi 10:00\u201313:00, 15:00\u201318:00 Samedi 10:00\u201317:00 Dimanche Ferm\u00e9<\/p>\n","protected":false},"author":1,"featured_media":0,"parent":0,"menu_order":0,"comment_status":"closed","ping_status":"closed","template":"","meta":{"footnotes":""},"class_list":["post-145","page","type-page","status-publish","hentry"],"yoast_head":"<!-- This site is optimized with the Yoast SEO plugin v26.7 - https:\/\/yoast.com\/wordpress\/plugins\/seo\/ -->\n<title>BOUTIQUE - Le Ch\u00e2teau des Foug\u00e8res Clos Montesquieu<\/title>\n<meta name=\"description\" content=\"Retrouvez les vins du Ch\u00e2teau des Foug\u00e8res Clos Montesquieu sur la boutique en ligne twil.fr. Alors n&#039;attendez plus, d\u00e9gustez l\u00e8s.\" \/>\n<meta name=\"robots\" content=\"index, follow, max-snippet:-1, max-image-preview:large, max-video-preview:-1\" \/>\n<link rel=\"canonical\" href=\"https:\/\/chateaudesfougeres.fr\/index.php\/boutique\/\" \/>\n<meta property=\"og:locale\" content=\"fr_FR\" \/>\n<meta property=\"og:type\" content=\"article\" \/>\n<meta property=\"og:title\" content=\"BOUTIQUE - Le Ch\u00e2teau des Foug\u00e8res Clos Montesquieu\" \/>\n<meta property=\"og:description\" content=\"Retrouvez les vins du Ch\u00e2teau des Foug\u00e8res Clos Montesquieu sur la boutique en ligne twil.fr. Alors n&#039;attendez plus, d\u00e9gustez l\u00e8s.\" \/>\n<meta property=\"og:url\" content=\"https:\/\/chateaudesfougeres.fr\/index.php\/boutique\/\" \/>\n<meta property=\"og:site_name\" content=\"Le Ch\u00e2teau des Foug\u00e8res Clos Montesquieu\" \/>\n<meta property=\"article:modified_time\" content=\"2025-11-26T15:55:37+00:00\" \/>\n<meta property=\"og:image\" content=\"https:\/\/chateaudesfougeres.fr\/wp-content\/uploads\/2025\/11\/landema.webp\" \/>\n\t<meta property=\"og:image:width\" content=\"680\" \/>\n\t<meta property=\"og:image:height\" content=\"453\" \/>\n\t<meta property=\"og:image:type\" content=\"image\/webp\" \/>\n<meta name=\"twitter:card\" content=\"summary_large_image\" \/>\n<meta name=\"twitter:label1\" content=\"Dur\u00e9e de lecture estim\u00e9e\" \/>\n\t<meta name=\"twitter:data1\" content=\"1 minute\" \/>\n<script type=\"application\/ld+json\" class=\"yoast-schema-graph\">{\"@context\":\"https:\/\/schema.org\",\"@graph\":[{\"@type\":\"WebPage\",\"@id\":\"https:\/\/chateaudesfougeres.fr\/index.php\/boutique\/\",\"url\":\"https:\/\/chateaudesfougeres.fr\/index.php\/boutique\/\",\"name\":\"BOUTIQUE - Le Ch\u00e2teau des Foug\u00e8res Clos Montesquieu\",\"isPartOf\":{\"@id\":\"https:\/\/chateaudesfougeres.fr\/#website\"},\"primaryImageOfPage\":{\"@id\":\"https:\/\/chateaudesfougeres.fr\/index.php\/boutique\/#primaryimage\"},\"image\":{\"@id\":\"https:\/\/chateaudesfougeres.fr\/index.php\/boutique\/#primaryimage\"},\"thumbnailUrl\":\"https:\/\/chateaudesfougeres.fr\/wp-content\/uploads\/2025\/11\/landema.webp\",\"datePublished\":\"2025-03-21T14:08:57+00:00\",\"dateModified\":\"2025-11-26T15:55:37+00:00\",\"description\":\"Retrouvez les vins du Ch\u00e2teau des Foug\u00e8res Clos Montesquieu sur la boutique en ligne twil.fr. Alors n'attendez plus, d\u00e9gustez l\u00e8s.\",\"breadcrumb\":{\"@id\":\"https:\/\/chateaudesfougeres.fr\/index.php\/boutique\/#breadcrumb\"},\"inLanguage\":\"fr-FR\",\"potentialAction\":[{\"@type\":\"ReadAction\",\"target\":[\"https:\/\/chateaudesfougeres.fr\/index.php\/boutique\/\"]}]},{\"@type\":\"ImageObject\",\"inLanguage\":\"fr-FR\",\"@id\":\"https:\/\/chateaudesfougeres.fr\/index.php\/boutique\/#primaryimage\",\"url\":\"https:\/\/chateaudesfougeres.fr\/wp-content\/uploads\/2025\/11\/landema.webp\",\"contentUrl\":\"https:\/\/chateaudesfougeres.fr\/wp-content\/uploads\/2025\/11\/landema.webp\",\"width\":680,\"height\":453},{\"@type\":\"BreadcrumbList\",\"@id\":\"https:\/\/chateaudesfougeres.fr\/index.php\/boutique\/#breadcrumb\",\"itemListElement\":[{\"@type\":\"ListItem\",\"position\":1,\"name\":\"Accueil\",\"item\":\"https:\/\/chateaudesfougeres.fr\/\"},{\"@type\":\"ListItem\",\"position\":2,\"name\":\"BOUTIQUE\"}]},{\"@type\":\"WebSite\",\"@id\":\"https:\/\/chateaudesfougeres.fr\/#website\",\"url\":\"https:\/\/chateaudesfougeres.fr\/\",\"name\":\"CH\u00c2TEAU DES FOUG\u00c8RES\",\"description\":\"\",\"publisher\":{\"@id\":\"https:\/\/chateaudesfougeres.fr\/#organization\"},\"potentialAction\":[{\"@type\":\"SearchAction\",\"target\":{\"@type\":\"EntryPoint\",\"urlTemplate\":\"https:\/\/chateaudesfougeres.fr\/?s={search_term_string}\"},\"query-input\":{\"@type\":\"PropertyValueSpecification\",\"valueRequired\":true,\"valueName\":\"search_term_string\"}}],\"inLanguage\":\"fr-FR\"},{\"@type\":\"Organization\",\"@id\":\"https:\/\/chateaudesfougeres.fr\/#organization\",\"name\":\"CH\u00c2TEAU DES FOUG\u00c8RES\",\"url\":\"https:\/\/chateaudesfougeres.fr\/\",\"logo\":{\"@type\":\"ImageObject\",\"inLanguage\":\"fr-FR\",\"@id\":\"https:\/\/chateaudesfougeres.fr\/#\/schema\/logo\/image\/\",\"url\":\"https:\/\/chateaudesfougeres.fr\/wp-content\/uploads\/2025\/01\/BLASON-CDF-2021-DORE-BLANC-2.png\",\"contentUrl\":\"https:\/\/chateaudesfougeres.fr\/wp-content\/uploads\/2025\/01\/BLASON-CDF-2021-DORE-BLANC-2.png\",\"width\":3576,\"height\":2495,\"caption\":\"CH\u00c2TEAU DES FOUG\u00c8RES\"},\"image\":{\"@id\":\"https:\/\/chateaudesfougeres.fr\/#\/schema\/logo\/image\/\"},\"sameAs\":[\"https:\/\/www.linkedin.com\/company\/chateau-des-fougeres-clos-montesquieu\/?viewAsMember=true\",\"https:\/\/www.instagram.com\/chateau_des_fougeres\/\"]}]}<\/script>\n<!-- \/ Yoast SEO plugin. -->","yoast_head_json":{"title":"BOUTIQUE - Le Ch\u00e2teau des Foug\u00e8res Clos Montesquieu","description":"Retrouvez les vins du Ch\u00e2teau des Foug\u00e8res Clos Montesquieu sur la boutique en ligne twil.fr. Alors n'attendez plus, d\u00e9gustez l\u00e8s.","robots":{"index":"index","follow":"follow","max-snippet":"max-snippet:-1","max-image-preview":"max-image-preview:large","max-video-preview":"max-video-preview:-1"},"canonical":"https:\/\/chateaudesfougeres.fr\/index.php\/boutique\/","og_locale":"fr_FR","og_type":"article","og_title":"BOUTIQUE - Le Ch\u00e2teau des Foug\u00e8res Clos Montesquieu","og_description":"Retrouvez les vins du Ch\u00e2teau des Foug\u00e8res Clos Montesquieu sur la boutique en ligne twil.fr. Alors n'attendez plus, d\u00e9gustez l\u00e8s.","og_url":"https:\/\/chateaudesfougeres.fr\/index.php\/boutique\/","og_site_name":"Le Ch\u00e2teau des Foug\u00e8res Clos Montesquieu","article_modified_time":"2025-11-26T15:55:37+00:00","og_image":[{"width":680,"height":453,"url":"https:\/\/chateaudesfougeres.fr\/wp-content\/uploads\/2025\/11\/landema.webp","type":"image\/webp"}],"twitter_card":"summary_large_image","twitter_misc":{"Dur\u00e9e de lecture estim\u00e9e":"1 minute"},"schema":{"@context":"https:\/\/schema.org","@graph":[{"@type":"WebPage","@id":"https:\/\/chateaudesfougeres.fr\/index.php\/boutique\/","url":"https:\/\/chateaudesfougeres.fr\/index.php\/boutique\/","name":"BOUTIQUE - Le Ch\u00e2teau des Foug\u00e8res Clos Montesquieu","isPartOf":{"@id":"https:\/\/chateaudesfougeres.fr\/#website"},"primaryImageOfPage":{"@id":"https:\/\/chateaudesfougeres.fr\/index.php\/boutique\/#primaryimage"},"image":{"@id":"https:\/\/chateaudesfougeres.fr\/index.php\/boutique\/#primaryimage"},"thumbnailUrl":"https:\/\/chateaudesfougeres.fr\/wp-content\/uploads\/2025\/11\/landema.webp","datePublished":"2025-03-21T14:08:57+00:00","dateModified":"2025-11-26T15:55:37+00:00","description":"Retrouvez les vins du Ch\u00e2teau des Foug\u00e8res Clos Montesquieu sur la boutique en ligne twil.fr. Alors n'attendez plus, d\u00e9gustez l\u00e8s.","breadcrumb":{"@id":"https:\/\/chateaudesfougeres.fr\/index.php\/boutique\/#breadcrumb"},"inLanguage":"fr-FR","potentialAction":[{"@type":"ReadAction","target":["https:\/\/chateaudesfougeres.fr\/index.php\/boutique\/"]}]},{"@type":"ImageObject","inLanguage":"fr-FR","@id":"https:\/\/chateaudesfougeres.fr\/index.php\/boutique\/#primaryimage","url":"https:\/\/chateaudesfougeres.fr\/wp-content\/uploads\/2025\/11\/landema.webp","contentUrl":"https:\/\/chateaudesfougeres.fr\/wp-content\/uploads\/2025\/11\/landema.webp","width":680,"height":453},{"@type":"BreadcrumbList","@id":"https:\/\/chateaudesfougeres.fr\/index.php\/boutique\/#breadcrumb","itemListElement":[{"@type":"ListItem","position":1,"name":"Accueil","item":"https:\/\/chateaudesfougeres.fr\/"},{"@type":"ListItem","position":2,"name":"BOUTIQUE"}]},{"@type":"WebSite","@id":"https:\/\/chateaudesfougeres.fr\/#website","url":"https:\/\/chateaudesfougeres.fr\/","name":"CH\u00c2TEAU DES FOUG\u00c8RES","description":"","publisher":{"@id":"https:\/\/chateaudesfougeres.fr\/#organization"},"potentialAction":[{"@type":"SearchAction","target":{"@type":"EntryPoint","urlTemplate":"https:\/\/chateaudesfougeres.fr\/?s={search_term_string}"},"query-input":{"@type":"PropertyValueSpecification","valueRequired":true,"valueName":"search_term_string"}}],"inLanguage":"fr-FR"},{"@type":"Organization","@id":"https:\/\/chateaudesfougeres.fr\/#organization","name":"CH\u00c2TEAU DES FOUG\u00c8RES","url":"https:\/\/chateaudesfougeres.fr\/","logo":{"@type":"ImageObject","inLanguage":"fr-FR","@id":"https:\/\/chateaudesfougeres.fr\/#\/schema\/logo\/image\/","url":"https:\/\/chateaudesfougeres.fr\/wp-content\/uploads\/2025\/01\/BLASON-CDF-2021-DORE-BLANC-2.png","contentUrl":"https:\/\/chateaudesfougeres.fr\/wp-content\/uploads\/2025\/01\/BLASON-CDF-2021-DORE-BLANC-2.png","width":3576,"height":2495,"caption":"CH\u00c2TEAU DES FOUG\u00c8RES"},"image":{"@id":"https:\/\/chateaudesfougeres.fr\/#\/schema\/logo\/image\/"},"sameAs":["https:\/\/www.linkedin.com\/company\/chateau-des-fougeres-clos-montesquieu\/?viewAsMember=true","https:\/\/www.instagram.com\/chateau_des_fougeres\/"]}]}},"_links":{"self":[{"href":"https:\/\/chateaudesfougeres.fr\/index.php\/wp-json\/wp\/v2\/pages\/145","targetHints":{"allow":["GET"]}}],"collection":[{"href":"https:\/\/chateaudesfougeres.fr\/index.php\/wp-json\/wp\/v2\/pages"}],"about":[{"href":"https:\/\/chateaudesfougeres.fr\/index.php\/wp-json\/wp\/v2\/types\/page"}],"author":[{"embeddable":true,"href":"https:\/\/chateaudesfougeres.fr\/index.php\/wp-json\/wp\/v2\/users\/1"}],"replies":[{"embeddable":true,"href":"https:\/\/chateaudesfougeres.fr\/index.php\/wp-json\/wp\/v2\/comments?post=145"}],"version-history":[{"count":9,"href":"https:\/\/chateaudesfougeres.fr\/index.php\/wp-json\/wp\/v2\/pages\/145\/revisions"}],"predecessor-version":[{"id":273,"href":"https:\/\/chateaudesfougeres.fr\/index.php\/wp-json\/wp\/v2\/pages\/145\/revisions\/273"}],"wp:attachment":[{"href":"https:\/\/chateaudesfougeres.fr\/index.php\/wp-json\/wp\/v2\/media?parent=145"}],"curies":[{"name":"wp","href":"https:\/\/api.w.org\/{rel}","templated":true}]}}