{"id":24,"date":"2025-01-27T14:03:46","date_gmt":"2025-01-27T14:03:46","guid":{"rendered":"https:\/\/chateaudesfougeres.fr\/?page_id=24"},"modified":"2025-12-15T15:12:33","modified_gmt":"2025-12-15T15:12:33","slug":"la-vigne","status":"publish","type":"page","link":"https:\/\/chateaudesfougeres.fr\/index.php\/la-vigne\/","title":{"rendered":"LA VIGNE"},"content":{"rendered":"\n<h2 class=\"wp-block-heading\">La vigne : <strong>AOC Graves, au c\u0153ur des meilleurs vins de Bordeaux<\/strong><\/h2>\n\n\n\n<p>Au c\u0153ur du prestigieux vignoble bordelais se trouve un joyau viticole : la r\u00e9gion des Graves.<\/p>\n\n\n\n<p>Cette appellation, reconnue pour son caract\u00e8re raffin\u00e9 et sa production de vins d\u2019exception, suscite l\u2019admiration des connaisseurs du monde entier. L\u2019AOC Graves incarne l\u2019excellence et incite \u00e0 la d\u00e9couverte des vins de Bordeaux<\/p>\n\n\n\n<figure class=\"wp-block-image size-large\"><img loading=\"lazy\" decoding=\"async\" width=\"1024\" height=\"358\" src=\"https:\/\/chateaudesfougeres.fr\/wp-content\/uploads\/2025\/01\/Design-sans-titre-_1_-1024x358.jpeg\" alt=\"\" class=\"wp-image-15\" srcset=\"https:\/\/chateaudesfougeres.fr\/wp-content\/uploads\/2025\/01\/Design-sans-titre-_1_-1024x358.jpeg 1024w, https:\/\/chateaudesfougeres.fr\/wp-content\/uploads\/2025\/01\/Design-sans-titre-_1_-300x105.jpeg 300w, https:\/\/chateaudesfougeres.fr\/wp-content\/uploads\/2025\/01\/Design-sans-titre-_1_-768x268.jpeg 768w, https:\/\/chateaudesfougeres.fr\/wp-content\/uploads\/2025\/01\/Design-sans-titre-_1_-1536x536.jpeg 1536w, https:\/\/chateaudesfougeres.fr\/wp-content\/uploads\/2025\/01\/Design-sans-titre-_1_.jpeg 2048w\" sizes=\"auto, (max-width: 1024px) 100vw, 1024px\" \/><\/figure>\n\n\n\n<p><strong>Histoire et importance des Graves dans le vignoble bordelais<\/strong><\/p>\n\n\n\n<p>Les Graves, v\u00e9ritable empreinte historique dans l\u2019univers du vin, occupent une place pr\u00e9pond\u00e9rante au sein du prestigieux vignoble bordelais. C\u2019est l\u2019origine de vins de Bordeaux.<\/p>\n\n\n\n<p>L\u2019origine de leur nom est intimement li\u00e9e aux sols caract\u00e9ristiques de la r\u00e9gion, compos\u00e9s de graves, ces cailloux issus des alluvions de la Garonne et de la Dordogne.<\/p>\n\n\n\n<p>L\u2019histoire des Graves remonte \u00e0 plusieurs si\u00e8cles, t\u00e9moignant d\u2019une tradition viticole ancr\u00e9e dans le terroir. Les premi\u00e8res exportations de&nbsp;<a href=\"https:\/\/www.viniphile.fr\/38-graves\">vins des Graves<\/a>&nbsp;vers l\u2019Angleterre, au XIIe si\u00e8cle, ont marqu\u00e9 le d\u00e9but d\u2019une reconnaissance internationale.<\/p>\n\n\n\n<p>Au fil des d\u00e9cennies, la r\u00e9putation des Graves s\u2019est consolid\u00e9e, attirant les amateurs de vins du monde entier.<\/p>\n\n\n\n<p>Aujourd\u2019hui, les vins des Graves continuent d\u2019\u00e9voluer et de s\u00e9duire les palais les plus exigeants. La r\u00e9gion jouit d\u2019une importance ind\u00e9niable dans le paysage viticole bordelais, incarnant l\u2019histoire, la tradition et l\u2019innovation. Les viticulteurs, v\u00e9ritables gardiens de ce terroir d\u2019exception, allient savoir-faire ancestral et techniques modernes pour produire des vins qui refl\u00e8tent l\u2019essence m\u00eame des Graves.<\/p>\n\n\n\n<p><\/p>\n\n\n\n<p><strong>Le Clos Montesquieu<\/strong><\/p>\n\n\n\n<div class=\"wp-block-columns is-layout-flex wp-container-core-columns-is-layout-28f84493 wp-block-columns-is-layout-flex\">\n<div class=\"wp-block-column is-layout-flow wp-block-column-is-layout-flow\" style=\"flex-basis:100%\">\n<div class=\"wp-block-group is-nowrap is-layout-flex wp-container-core-group-is-layout-6c531013 wp-block-group-is-layout-flex\">\n<p class=\"has-text-align-left\">La propri\u00e9t\u00e9 est au centre d\u2019une zone coup\u00e9e par 3 axes de drainage naturel qui prennent naissance au bord du plateau sud de la propri\u00e9t\u00e9 et s\u2019\u00e9coulent vers le nord, en d\u00e9coupant le versant. Outre cette topologie favorable, nos sols refl\u00e8tent l\u2019histoire de la Garonne et offrent une grande diversit\u00e9 : zones argileuses, sablonneuses, gravelo-argileux et sablo-graveleux. Ces zones font tant\u00f4t quelques m\u00e8tres carr\u00e9s tant\u00f4t quelques centiares. Les graves, charri\u00e9s par la Garonne au Villefranchien, sont pr\u00e9sents sur l\u2019ensemble de notre vignoble avec des zones plus ou moins marqu\u00e9es.<\/p>\n<\/div>\n\n\n\n<figure class=\"wp-block-image aligncenter size-large is-resized\"><img loading=\"lazy\" decoding=\"async\" width=\"1024\" height=\"768\" src=\"https:\/\/chateaudesfougeres.fr\/wp-content\/uploads\/2025\/01\/Design-sans-titre-_2_-1024x768.jpeg\" alt=\"\" class=\"wp-image-16\" style=\"width:683px;height:auto\" srcset=\"https:\/\/chateaudesfougeres.fr\/wp-content\/uploads\/2025\/01\/Design-sans-titre-_2_-1024x768.jpeg 1024w, https:\/\/chateaudesfougeres.fr\/wp-content\/uploads\/2025\/01\/Design-sans-titre-_2_-300x225.jpeg 300w, https:\/\/chateaudesfougeres.fr\/wp-content\/uploads\/2025\/01\/Design-sans-titre-_2_-768x576.jpeg 768w, https:\/\/chateaudesfougeres.fr\/wp-content\/uploads\/2025\/01\/Design-sans-titre-_2_-1536x1152.jpeg 1536w, https:\/\/chateaudesfougeres.fr\/wp-content\/uploads\/2025\/01\/Design-sans-titre-_2_.jpeg 2048w\" sizes=\"auto, (max-width: 1024px) 100vw, 1024px\" \/><\/figure>\n\n\n\n<p>Nos c\u00e9pages rouges prosp\u00e8rent sur deux plateaux bien distincts. Les merlots sont sur des sols tr\u00e8s diversifi\u00e9s : sols argileux, sablonneux, gravelo-argileux et sablo-graveleux et les cabernet sauvignon sont en sol gravelo-argileux. Ces deux zones s\u2019\u00e9tendent sur plus de 13 hectares. Les premiers merlots ont \u00e9t\u00e9 plant\u00e9s en 1987 et 1991, les cabernet sauvignon en 2004, et les derniers merlots en 2023.<\/p>\n\n\n\n<p>Nous travaillons constamment pour l\u2019am\u00e9lioration de la vigne et du sol et nous avons initi\u00e9 un programme de r\u00e9duction de l\u2019utilisation d\u2019intrants non organiques avec des&nbsp;<strong>engrais organiques<\/strong>&nbsp;et le&nbsp;<strong>d\u00e9sherbage m\u00e9canique<\/strong>&nbsp;de l\u2019ensemble des parcelles. Nous semons \u00e9galement nos parcelles avec des&nbsp;<strong>engrais verts, association de gramin\u00e9es, l\u00e9gumineuses et crucif\u00e8res<\/strong>&nbsp;afin d\u2019am\u00e9liorer la vie du sol.<\/p>\n\n\n\n<p>Nous avons ainsi obtenu la certification&nbsp;<strong>HVE 3<\/strong>&nbsp;\u00e0 compter de notre mill\u00e9sime 2020.<\/p>\n\n\n\n<p class=\"has-foreground-color has-text-color has-link-color wp-elements-83d5464669923e785474d649fb07ec95\">Et afin de garder notre vin parmi les leaders des Bordeaux Graves, la propri\u00e9t\u00e9 et ses vins b\u00e9n\u00e9ficient depuis des ann\u00e9es des conseils de Fr\u00e9d\u00e9ric Massie pr\u00e9sident du r\u00e9put\u00e9 cabinet d\u2019\u0153nologues&nbsp;<strong>Derenoncourt Consultants<\/strong>&nbsp;(<a href=\"https:\/\/www.derenoncourtconsultants.com\/fr\/\">https:\/\/www.derenoncourtconsultants.com\/fr\/<\/a>).<\/p>\n\n\n\n<p>Nos installations de vinification sont constamment am\u00e9lior\u00e9es afin de produire des vins qui refl\u00e8tent fid\u00e8lement leur histoire, leur terroir et leur haute qualit\u00e9.<\/p>\n\n\n\n<figure class=\"wp-block-image aligncenter size-large is-resized\"><img loading=\"lazy\" decoding=\"async\" width=\"768\" height=\"1024\" src=\"https:\/\/chateaudesfougeres.fr\/wp-content\/uploads\/2025\/01\/Design-sans-titre-_3_-768x1024.jpeg\" alt=\"\" class=\"wp-image-17\" style=\"width:342px;height:auto\" srcset=\"https:\/\/chateaudesfougeres.fr\/wp-content\/uploads\/2025\/01\/Design-sans-titre-_3_-768x1024.jpeg 768w, https:\/\/chateaudesfougeres.fr\/wp-content\/uploads\/2025\/01\/Design-sans-titre-_3_-225x300.jpeg 225w, https:\/\/chateaudesfougeres.fr\/wp-content\/uploads\/2025\/01\/Design-sans-titre-_3_-1152x1536.jpeg 1152w, https:\/\/chateaudesfougeres.fr\/wp-content\/uploads\/2025\/01\/Design-sans-titre-_3_.jpeg 1200w\" sizes=\"auto, (max-width: 768px) 100vw, 768px\" \/><\/figure>\n<\/div>\n<\/div>\n","protected":false},"excerpt":{"rendered":"<p>La vigne : AOC Graves, au c\u0153ur des meilleurs vins de Bordeaux Au c\u0153ur du prestigieux vignoble bordelais se trouve un joyau viticole : la r\u00e9gion des Graves. Cette appellation, reconnue pour son caract\u00e8re raffin\u00e9 et sa production de vins d\u2019exception, suscite l\u2019admiration des connaisseurs du monde entier. L\u2019AOC Graves incarne l\u2019excellence et incite \u00e0 [&hellip;]<\/p>\n","protected":false},"author":1,"featured_media":20,"parent":0,"menu_order":0,"comment_status":"closed","ping_status":"closed","template":"","meta":{"footnotes":""},"class_list":["post-24","page","type-page","status-publish","has-post-thumbnail","hentry"],"yoast_head":"<!-- This site is optimized with the Yoast SEO plugin v26.7 - https:\/\/yoast.com\/wordpress\/plugins\/seo\/ -->\n<title>LA VIGNE - Le Ch\u00e2teau des Foug\u00e8res Clos Montesquieu<\/title>\n<meta name=\"description\" content=\"D\u00e9couvrez l&#039;histoire et l&#039;environnement de la vie de la vigne au Ch\u00e2teau des Foug\u00e8res. AOC Graves, au c\u0153ur des meilleurs vins de Bordeaux\" \/>\n<meta name=\"robots\" content=\"index, follow, max-snippet:-1, max-image-preview:large, max-video-preview:-1\" \/>\n<link rel=\"canonical\" href=\"https:\/\/chateaudesfougeres.fr\/index.php\/la-vigne\/\" \/>\n<meta property=\"og:locale\" content=\"fr_FR\" \/>\n<meta property=\"og:type\" content=\"article\" \/>\n<meta property=\"og:title\" content=\"LA VIGNE - Le Ch\u00e2teau des Foug\u00e8res Clos Montesquieu\" \/>\n<meta property=\"og:description\" content=\"D\u00e9couvrez l&#039;histoire et l&#039;environnement de la vie de la vigne au Ch\u00e2teau des Foug\u00e8res. AOC Graves, au c\u0153ur des meilleurs vins de Bordeaux\" \/>\n<meta property=\"og:url\" content=\"https:\/\/chateaudesfougeres.fr\/index.php\/la-vigne\/\" \/>\n<meta property=\"og:site_name\" content=\"Le Ch\u00e2teau des Foug\u00e8res Clos Montesquieu\" \/>\n<meta property=\"article:modified_time\" content=\"2025-12-15T15:12:33+00:00\" \/>\n<meta property=\"og:image\" content=\"https:\/\/chateaudesfougeres.fr\/wp-content\/uploads\/2025\/01\/Vigne-a-la-3eme-feuille_18-04-11_2-min-scaled.jpg\" \/>\n\t<meta property=\"og:image:width\" content=\"2560\" \/>\n\t<meta property=\"og:image:height\" content=\"1707\" \/>\n\t<meta property=\"og:image:type\" content=\"image\/jpeg\" \/>\n<meta name=\"twitter:card\" content=\"summary_large_image\" \/>\n<meta name=\"twitter:label1\" content=\"Dur\u00e9e de lecture estim\u00e9e\" \/>\n\t<meta name=\"twitter:data1\" content=\"4 minutes\" \/>\n<script type=\"application\/ld+json\" class=\"yoast-schema-graph\">{\"@context\":\"https:\/\/schema.org\",\"@graph\":[{\"@type\":\"WebPage\",\"@id\":\"https:\/\/chateaudesfougeres.fr\/index.php\/la-vigne\/\",\"url\":\"https:\/\/chateaudesfougeres.fr\/index.php\/la-vigne\/\",\"name\":\"LA VIGNE - Le Ch\u00e2teau des Foug\u00e8res Clos Montesquieu\",\"isPartOf\":{\"@id\":\"https:\/\/chateaudesfougeres.fr\/#website\"},\"primaryImageOfPage\":{\"@id\":\"https:\/\/chateaudesfougeres.fr\/index.php\/la-vigne\/#primaryimage\"},\"image\":{\"@id\":\"https:\/\/chateaudesfougeres.fr\/index.php\/la-vigne\/#primaryimage\"},\"thumbnailUrl\":\"https:\/\/chateaudesfougeres.fr\/wp-content\/uploads\/2025\/01\/Vigne-a-la-3eme-feuille_18-04-11_2-min-scaled.jpg\",\"datePublished\":\"2025-01-27T14:03:46+00:00\",\"dateModified\":\"2025-12-15T15:12:33+00:00\",\"description\":\"D\u00e9couvrez l'histoire et l'environnement de la vie de la vigne au Ch\u00e2teau des Foug\u00e8res. AOC Graves, au c\u0153ur des meilleurs vins de Bordeaux\",\"breadcrumb\":{\"@id\":\"https:\/\/chateaudesfougeres.fr\/index.php\/la-vigne\/#breadcrumb\"},\"inLanguage\":\"fr-FR\",\"potentialAction\":[{\"@type\":\"ReadAction\",\"target\":[\"https:\/\/chateaudesfougeres.fr\/index.php\/la-vigne\/\"]}]},{\"@type\":\"ImageObject\",\"inLanguage\":\"fr-FR\",\"@id\":\"https:\/\/chateaudesfougeres.fr\/index.php\/la-vigne\/#primaryimage\",\"url\":\"https:\/\/chateaudesfougeres.fr\/wp-content\/uploads\/2025\/01\/Vigne-a-la-3eme-feuille_18-04-11_2-min-scaled.jpg\",\"contentUrl\":\"https:\/\/chateaudesfougeres.fr\/wp-content\/uploads\/2025\/01\/Vigne-a-la-3eme-feuille_18-04-11_2-min-scaled.jpg\",\"width\":2560,\"height\":1707,\"caption\":\"la vigne\"},{\"@type\":\"BreadcrumbList\",\"@id\":\"https:\/\/chateaudesfougeres.fr\/index.php\/la-vigne\/#breadcrumb\",\"itemListElement\":[{\"@type\":\"ListItem\",\"position\":1,\"name\":\"Accueil\",\"item\":\"https:\/\/chateaudesfougeres.fr\/\"},{\"@type\":\"ListItem\",\"position\":2,\"name\":\"LA VIGNE\"}]},{\"@type\":\"WebSite\",\"@id\":\"https:\/\/chateaudesfougeres.fr\/#website\",\"url\":\"https:\/\/chateaudesfougeres.fr\/\",\"name\":\"CH\u00c2TEAU DES FOUG\u00c8RES\",\"description\":\"\",\"publisher\":{\"@id\":\"https:\/\/chateaudesfougeres.fr\/#organization\"},\"potentialAction\":[{\"@type\":\"SearchAction\",\"target\":{\"@type\":\"EntryPoint\",\"urlTemplate\":\"https:\/\/chateaudesfougeres.fr\/?s={search_term_string}\"},\"query-input\":{\"@type\":\"PropertyValueSpecification\",\"valueRequired\":true,\"valueName\":\"search_term_string\"}}],\"inLanguage\":\"fr-FR\"},{\"@type\":\"Organization\",\"@id\":\"https:\/\/chateaudesfougeres.fr\/#organization\",\"name\":\"CH\u00c2TEAU DES FOUG\u00c8RES\",\"url\":\"https:\/\/chateaudesfougeres.fr\/\",\"logo\":{\"@type\":\"ImageObject\",\"inLanguage\":\"fr-FR\",\"@id\":\"https:\/\/chateaudesfougeres.fr\/#\/schema\/logo\/image\/\",\"url\":\"https:\/\/chateaudesfougeres.fr\/wp-content\/uploads\/2025\/01\/BLASON-CDF-2021-DORE-BLANC-2.png\",\"contentUrl\":\"https:\/\/chateaudesfougeres.fr\/wp-content\/uploads\/2025\/01\/BLASON-CDF-2021-DORE-BLANC-2.png\",\"width\":3576,\"height\":2495,\"caption\":\"CH\u00c2TEAU DES FOUG\u00c8RES\"},\"image\":{\"@id\":\"https:\/\/chateaudesfougeres.fr\/#\/schema\/logo\/image\/\"},\"sameAs\":[\"https:\/\/www.linkedin.com\/company\/chateau-des-fougeres-clos-montesquieu\/?viewAsMember=true\",\"https:\/\/www.instagram.com\/chateau_des_fougeres\/\"]}]}<\/script>\n<!-- \/ Yoast SEO plugin. -->","yoast_head_json":{"title":"LA VIGNE - Le Ch\u00e2teau des Foug\u00e8res Clos Montesquieu","description":"D\u00e9couvrez l'histoire et l'environnement de la vie de la vigne au Ch\u00e2teau des Foug\u00e8res. AOC Graves, au c\u0153ur des meilleurs vins de Bordeaux","robots":{"index":"index","follow":"follow","max-snippet":"max-snippet:-1","max-image-preview":"max-image-preview:large","max-video-preview":"max-video-preview:-1"},"canonical":"https:\/\/chateaudesfougeres.fr\/index.php\/la-vigne\/","og_locale":"fr_FR","og_type":"article","og_title":"LA VIGNE - Le Ch\u00e2teau des Foug\u00e8res Clos Montesquieu","og_description":"D\u00e9couvrez l'histoire et l'environnement de la vie de la vigne au Ch\u00e2teau des Foug\u00e8res. AOC Graves, au c\u0153ur des meilleurs vins de Bordeaux","og_url":"https:\/\/chateaudesfougeres.fr\/index.php\/la-vigne\/","og_site_name":"Le Ch\u00e2teau des Foug\u00e8res Clos Montesquieu","article_modified_time":"2025-12-15T15:12:33+00:00","og_image":[{"width":2560,"height":1707,"url":"https:\/\/chateaudesfougeres.fr\/wp-content\/uploads\/2025\/01\/Vigne-a-la-3eme-feuille_18-04-11_2-min-scaled.jpg","type":"image\/jpeg"}],"twitter_card":"summary_large_image","twitter_misc":{"Dur\u00e9e de lecture estim\u00e9e":"4 minutes"},"schema":{"@context":"https:\/\/schema.org","@graph":[{"@type":"WebPage","@id":"https:\/\/chateaudesfougeres.fr\/index.php\/la-vigne\/","url":"https:\/\/chateaudesfougeres.fr\/index.php\/la-vigne\/","name":"LA VIGNE - Le Ch\u00e2teau des Foug\u00e8res Clos Montesquieu","isPartOf":{"@id":"https:\/\/chateaudesfougeres.fr\/#website"},"primaryImageOfPage":{"@id":"https:\/\/chateaudesfougeres.fr\/index.php\/la-vigne\/#primaryimage"},"image":{"@id":"https:\/\/chateaudesfougeres.fr\/index.php\/la-vigne\/#primaryimage"},"thumbnailUrl":"https:\/\/chateaudesfougeres.fr\/wp-content\/uploads\/2025\/01\/Vigne-a-la-3eme-feuille_18-04-11_2-min-scaled.jpg","datePublished":"2025-01-27T14:03:46+00:00","dateModified":"2025-12-15T15:12:33+00:00","description":"D\u00e9couvrez l'histoire et l'environnement de la vie de la vigne au Ch\u00e2teau des Foug\u00e8res. AOC Graves, au c\u0153ur des meilleurs vins de Bordeaux","breadcrumb":{"@id":"https:\/\/chateaudesfougeres.fr\/index.php\/la-vigne\/#breadcrumb"},"inLanguage":"fr-FR","potentialAction":[{"@type":"ReadAction","target":["https:\/\/chateaudesfougeres.fr\/index.php\/la-vigne\/"]}]},{"@type":"ImageObject","inLanguage":"fr-FR","@id":"https:\/\/chateaudesfougeres.fr\/index.php\/la-vigne\/#primaryimage","url":"https:\/\/chateaudesfougeres.fr\/wp-content\/uploads\/2025\/01\/Vigne-a-la-3eme-feuille_18-04-11_2-min-scaled.jpg","contentUrl":"https:\/\/chateaudesfougeres.fr\/wp-content\/uploads\/2025\/01\/Vigne-a-la-3eme-feuille_18-04-11_2-min-scaled.jpg","width":2560,"height":1707,"caption":"la vigne"},{"@type":"BreadcrumbList","@id":"https:\/\/chateaudesfougeres.fr\/index.php\/la-vigne\/#breadcrumb","itemListElement":[{"@type":"ListItem","position":1,"name":"Accueil","item":"https:\/\/chateaudesfougeres.fr\/"},{"@type":"ListItem","position":2,"name":"LA VIGNE"}]},{"@type":"WebSite","@id":"https:\/\/chateaudesfougeres.fr\/#website","url":"https:\/\/chateaudesfougeres.fr\/","name":"CH\u00c2TEAU DES FOUG\u00c8RES","description":"","publisher":{"@id":"https:\/\/chateaudesfougeres.fr\/#organization"},"potentialAction":[{"@type":"SearchAction","target":{"@type":"EntryPoint","urlTemplate":"https:\/\/chateaudesfougeres.fr\/?s={search_term_string}"},"query-input":{"@type":"PropertyValueSpecification","valueRequired":true,"valueName":"search_term_string"}}],"inLanguage":"fr-FR"},{"@type":"Organization","@id":"https:\/\/chateaudesfougeres.fr\/#organization","name":"CH\u00c2TEAU DES FOUG\u00c8RES","url":"https:\/\/chateaudesfougeres.fr\/","logo":{"@type":"ImageObject","inLanguage":"fr-FR","@id":"https:\/\/chateaudesfougeres.fr\/#\/schema\/logo\/image\/","url":"https:\/\/chateaudesfougeres.fr\/wp-content\/uploads\/2025\/01\/BLASON-CDF-2021-DORE-BLANC-2.png","contentUrl":"https:\/\/chateaudesfougeres.fr\/wp-content\/uploads\/2025\/01\/BLASON-CDF-2021-DORE-BLANC-2.png","width":3576,"height":2495,"caption":"CH\u00c2TEAU DES FOUG\u00c8RES"},"image":{"@id":"https:\/\/chateaudesfougeres.fr\/#\/schema\/logo\/image\/"},"sameAs":["https:\/\/www.linkedin.com\/company\/chateau-des-fougeres-clos-montesquieu\/?viewAsMember=true","https:\/\/www.instagram.com\/chateau_des_fougeres\/"]}]}},"_links":{"self":[{"href":"https:\/\/chateaudesfougeres.fr\/index.php\/wp-json\/wp\/v2\/pages\/24","targetHints":{"allow":["GET"]}}],"collection":[{"href":"https:\/\/chateaudesfougeres.fr\/index.php\/wp-json\/wp\/v2\/pages"}],"about":[{"href":"https:\/\/chateaudesfougeres.fr\/index.php\/wp-json\/wp\/v2\/types\/page"}],"author":[{"embeddable":true,"href":"https:\/\/chateaudesfougeres.fr\/index.php\/wp-json\/wp\/v2\/users\/1"}],"replies":[{"embeddable":true,"href":"https:\/\/chateaudesfougeres.fr\/index.php\/wp-json\/wp\/v2\/comments?post=24"}],"version-history":[{"count":5,"href":"https:\/\/chateaudesfougeres.fr\/index.php\/wp-json\/wp\/v2\/pages\/24\/revisions"}],"predecessor-version":[{"id":282,"href":"https:\/\/chateaudesfougeres.fr\/index.php\/wp-json\/wp\/v2\/pages\/24\/revisions\/282"}],"wp:featuredmedia":[{"embeddable":true,"href":"https:\/\/chateaudesfougeres.fr\/index.php\/wp-json\/wp\/v2\/media\/20"}],"wp:attachment":[{"href":"https:\/\/chateaudesfougeres.fr\/index.php\/wp-json\/wp\/v2\/media?parent=24"}],"curies":[{"name":"wp","href":"https:\/\/api.w.org\/{rel}","templated":true}]}}