{"id":249,"date":"2025-09-29T09:17:29","date_gmt":"2025-09-29T09:17:29","guid":{"rendered":"https:\/\/chateaudesfougeres.fr\/?page_id=249"},"modified":"2025-09-29T09:21:36","modified_gmt":"2025-09-29T09:21:36","slug":"certification-haute-valeur-environnementale","status":"publish","type":"page","link":"https:\/\/chateaudesfougeres.fr\/index.php\/certification-haute-valeur-environnementale\/","title":{"rendered":"CERTIFICATION HAUTE VALEUR ENVIRONNEMENTALE (HVE)"},"content":{"rendered":"\n<h2 class=\"wp-block-heading\">LA CERTIFICATION HAUTE VALEUR ENVIRONNEMENTALE <\/h2>\n\n\n\n<p><a href=\"https:\/\/agriculture.gouv.fr\/tout-savoir-sur-la-haute-valeur-environnementale-hve\" target=\"_blank\" rel=\"noreferrer noopener\">La Haute Valeur Environnementale (HVE)<\/a> correspond au 3e niveau de la certification environnementale des exploitations agricoles, le niveau le plus \u00e9lev\u00e9. Depuis f\u00e9vrier 2012, date de mise en \u0153uvre du dispositif, le nombre d&rsquo;exploitations certifi\u00e9es HVE augmente. <\/p>\n\n\n\n<p>Au 1er janvier 2024, 38 351 exploitations peuvent se revendiquer \u00eatre Haute Valeur Environnementale, preuve de leur engagement dans des pratiques respectueuses de l&rsquo;environnement et de la biodiversit\u00e9.<\/p>\n\n\n\n<h2 class=\"wp-block-heading\">Notre vignoble fait \u00e9quipe avec la biodiversit\u00e9 (HVE) <\/h2>\n\n\n\n<p>Au Ch\u00e2teau des Foug\u00e8res Clos Montesquieu, la nature est notre alli\u00e9e. <\/p>\n\n\n\n<p>Notre domaine, situ\u00e9 \u00e0 La Br\u00e8de (33), est d\u00e9sormais certifi\u00e9 Haute Valeur Environnementale (HVE), une reconnaissance de nos engagements concrets. <\/p>\n\n\n\n<p><\/p>\n\n\n\n<p>Pour favoriser la vie autour de la vigne, nous avons install\u00e9 : <br>&#8211; des ruches, <br>&#8211; sem\u00e9 des jach\u00e8res fleuries, <br>&#8211; cr\u00e9\u00e9 des h\u00f4tels \u00e0 insectes. <\/p>\n\n\n\n<div class=\"wp-block-columns is-layout-flex wp-container-core-columns-is-layout-28f84493 wp-block-columns-is-layout-flex\">\n<div class=\"wp-block-column is-layout-flow wp-block-column-is-layout-flow\">\n<figure class=\"wp-block-image size-full\"><img loading=\"lazy\" decoding=\"async\" width=\"675\" height=\"675\" src=\"https:\/\/chateaudesfougeres.fr\/wp-content\/uploads\/2025\/09\/ruche-2.jpg\" alt=\"haute-valeur-environnementale-ruche\" class=\"wp-image-250\" srcset=\"https:\/\/chateaudesfougeres.fr\/wp-content\/uploads\/2025\/09\/ruche-2.jpg 675w, https:\/\/chateaudesfougeres.fr\/wp-content\/uploads\/2025\/09\/ruche-2-300x300.jpg 300w, https:\/\/chateaudesfougeres.fr\/wp-content\/uploads\/2025\/09\/ruche-2-150x150.jpg 150w\" sizes=\"auto, (max-width: 675px) 100vw, 675px\" \/><\/figure>\n<\/div>\n\n\n\n<div class=\"wp-block-column is-layout-flow wp-block-column-is-layout-flow\">\n<figure class=\"wp-block-image size-full\"><img loading=\"lazy\" decoding=\"async\" width=\"738\" height=\"738\" src=\"https:\/\/chateaudesfougeres.fr\/wp-content\/uploads\/2025\/09\/oiseau-2.jpeg\" alt=\"haute-valeur-environnementale-maison-oiseau\" class=\"wp-image-251\" srcset=\"https:\/\/chateaudesfougeres.fr\/wp-content\/uploads\/2025\/09\/oiseau-2.jpeg 738w, https:\/\/chateaudesfougeres.fr\/wp-content\/uploads\/2025\/09\/oiseau-2-300x300.jpeg 300w, https:\/\/chateaudesfougeres.fr\/wp-content\/uploads\/2025\/09\/oiseau-2-150x150.jpeg 150w\" sizes=\"auto, (max-width: 738px) 100vw, 738px\" \/><\/figure>\n<\/div>\n\n\n\n<div class=\"wp-block-column is-layout-flow wp-block-column-is-layout-flow\">\n<figure class=\"wp-block-image size-full\"><img loading=\"lazy\" decoding=\"async\" width=\"738\" height=\"738\" src=\"https:\/\/chateaudesfougeres.fr\/wp-content\/uploads\/2025\/09\/insecte-2.jpeg\" alt=\"haute-valeur-environnementale-insecte\" class=\"wp-image-252\" srcset=\"https:\/\/chateaudesfougeres.fr\/wp-content\/uploads\/2025\/09\/insecte-2.jpeg 738w, https:\/\/chateaudesfougeres.fr\/wp-content\/uploads\/2025\/09\/insecte-2-300x300.jpeg 300w, https:\/\/chateaudesfougeres.fr\/wp-content\/uploads\/2025\/09\/insecte-2-150x150.jpeg 150w\" sizes=\"auto, (max-width: 738px) 100vw, 738px\" \/><\/figure>\n<\/div>\n<\/div>\n\n\n\n<p>Ces refuges nourrissent les pollinisateurs, abritent la faune utile et limitent naturellement les intrants. Au fil des saisons, cette biodiversit\u00e9 rend nos sols plus vivants. <br>Nos vignes sont plus r\u00e9silientes et tout cela en pr\u00e9servant le paysage qui nous inspire. <\/p>\n\n\n\n<p><\/p>\n\n\n\n<p>Choisir nos vins, c\u2019est soutenir une viticulture respectueuse et tourn\u00e9e vers l\u2019avenir. <br>Venez d\u00e9couvrir nos parcelles et partager un moment au c\u0153ur d\u2019un \u00e9cosyst\u00e8me qui bourdonne de promesses. <\/p>\n\n\n\n<p><a href=\"https:\/\/chateaudesfougeres.fr\/index.php\/contact\/\" target=\"_blank\" rel=\"noreferrer noopener\">Contactez-nous pour en savoir plus.<\/a><\/p>\n\n\n\n<p><\/p>\n","protected":false},"excerpt":{"rendered":"<p>LA CERTIFICATION HAUTE VALEUR ENVIRONNEMENTALE La Haute Valeur Environnementale (HVE) correspond au 3e niveau de la certification environnementale des exploitations agricoles, le niveau le plus \u00e9lev\u00e9. Depuis f\u00e9vrier 2012, date de mise en \u0153uvre du dispositif, le nombre d&rsquo;exploitations certifi\u00e9es HVE augmente. Au 1er janvier 2024, 38 351 exploitations peuvent se revendiquer \u00eatre Haute Valeur [&hellip;]<\/p>\n","protected":false},"author":1,"featured_media":0,"parent":0,"menu_order":0,"comment_status":"closed","ping_status":"closed","template":"","meta":{"footnotes":""},"class_list":["post-249","page","type-page","status-publish","hentry"],"yoast_head":"<!-- This site is optimized with the Yoast SEO plugin v26.7 - https:\/\/yoast.com\/wordpress\/plugins\/seo\/ -->\n<title>CERTIFICATION HAUTE VALEUR ENVIRONNEMENTALE (HVE) - Le Ch\u00e2teau des Foug\u00e8res Clos Montesquieu<\/title>\n<meta name=\"description\" content=\"Notre domaine, le Ch\u00e2teau des Foug\u00e8res Clos Montesquieu est depuis peu certifi\u00e9 Haute Valeur Environnementale (HVE).\" \/>\n<meta name=\"robots\" content=\"index, follow, max-snippet:-1, max-image-preview:large, max-video-preview:-1\" \/>\n<link rel=\"canonical\" href=\"https:\/\/chateaudesfougeres.fr\/index.php\/certification-haute-valeur-environnementale\/\" \/>\n<meta property=\"og:locale\" content=\"fr_FR\" \/>\n<meta property=\"og:type\" content=\"article\" \/>\n<meta property=\"og:title\" content=\"CERTIFICATION HAUTE VALEUR ENVIRONNEMENTALE (HVE) - Le Ch\u00e2teau des Foug\u00e8res Clos Montesquieu\" \/>\n<meta property=\"og:description\" content=\"Notre domaine, le Ch\u00e2teau des Foug\u00e8res Clos Montesquieu est depuis peu certifi\u00e9 Haute Valeur Environnementale (HVE).\" \/>\n<meta property=\"og:url\" content=\"https:\/\/chateaudesfougeres.fr\/index.php\/certification-haute-valeur-environnementale\/\" \/>\n<meta property=\"og:site_name\" content=\"Le Ch\u00e2teau des Foug\u00e8res Clos Montesquieu\" \/>\n<meta property=\"article:modified_time\" content=\"2025-09-29T09:21:36+00:00\" \/>\n<meta property=\"og:image\" content=\"https:\/\/chateaudesfougeres.fr\/wp-content\/uploads\/2025\/09\/ruche-2.jpg\" \/>\n\t<meta property=\"og:image:width\" content=\"675\" \/>\n\t<meta property=\"og:image:height\" content=\"675\" \/>\n\t<meta property=\"og:image:type\" content=\"image\/jpeg\" \/>\n<meta name=\"twitter:card\" content=\"summary_large_image\" \/>\n<meta name=\"twitter:label1\" content=\"Dur\u00e9e de lecture estim\u00e9e\" \/>\n\t<meta name=\"twitter:data1\" content=\"2 minutes\" \/>\n<script type=\"application\/ld+json\" class=\"yoast-schema-graph\">{\"@context\":\"https:\/\/schema.org\",\"@graph\":[{\"@type\":\"WebPage\",\"@id\":\"https:\/\/chateaudesfougeres.fr\/index.php\/certification-haute-valeur-environnementale\/\",\"url\":\"https:\/\/chateaudesfougeres.fr\/index.php\/certification-haute-valeur-environnementale\/\",\"name\":\"CERTIFICATION HAUTE VALEUR ENVIRONNEMENTALE (HVE) - Le Ch\u00e2teau des Foug\u00e8res Clos Montesquieu\",\"isPartOf\":{\"@id\":\"https:\/\/chateaudesfougeres.fr\/#website\"},\"primaryImageOfPage\":{\"@id\":\"https:\/\/chateaudesfougeres.fr\/index.php\/certification-haute-valeur-environnementale\/#primaryimage\"},\"image\":{\"@id\":\"https:\/\/chateaudesfougeres.fr\/index.php\/certification-haute-valeur-environnementale\/#primaryimage\"},\"thumbnailUrl\":\"https:\/\/chateaudesfougeres.fr\/wp-content\/uploads\/2025\/09\/ruche-2.jpg\",\"datePublished\":\"2025-09-29T09:17:29+00:00\",\"dateModified\":\"2025-09-29T09:21:36+00:00\",\"description\":\"Notre domaine, le Ch\u00e2teau des Foug\u00e8res Clos Montesquieu est depuis peu certifi\u00e9 Haute Valeur Environnementale (HVE).\",\"breadcrumb\":{\"@id\":\"https:\/\/chateaudesfougeres.fr\/index.php\/certification-haute-valeur-environnementale\/#breadcrumb\"},\"inLanguage\":\"fr-FR\",\"potentialAction\":[{\"@type\":\"ReadAction\",\"target\":[\"https:\/\/chateaudesfougeres.fr\/index.php\/certification-haute-valeur-environnementale\/\"]}]},{\"@type\":\"ImageObject\",\"inLanguage\":\"fr-FR\",\"@id\":\"https:\/\/chateaudesfougeres.fr\/index.php\/certification-haute-valeur-environnementale\/#primaryimage\",\"url\":\"https:\/\/chateaudesfougeres.fr\/wp-content\/uploads\/2025\/09\/ruche-2.jpg\",\"contentUrl\":\"https:\/\/chateaudesfougeres.fr\/wp-content\/uploads\/2025\/09\/ruche-2.jpg\",\"width\":675,\"height\":675},{\"@type\":\"BreadcrumbList\",\"@id\":\"https:\/\/chateaudesfougeres.fr\/index.php\/certification-haute-valeur-environnementale\/#breadcrumb\",\"itemListElement\":[{\"@type\":\"ListItem\",\"position\":1,\"name\":\"Accueil\",\"item\":\"https:\/\/chateaudesfougeres.fr\/\"},{\"@type\":\"ListItem\",\"position\":2,\"name\":\"CERTIFICATION HAUTE VALEUR ENVIRONNEMENTALE (HVE)\"}]},{\"@type\":\"WebSite\",\"@id\":\"https:\/\/chateaudesfougeres.fr\/#website\",\"url\":\"https:\/\/chateaudesfougeres.fr\/\",\"name\":\"CH\u00c2TEAU DES FOUG\u00c8RES\",\"description\":\"\",\"publisher\":{\"@id\":\"https:\/\/chateaudesfougeres.fr\/#organization\"},\"potentialAction\":[{\"@type\":\"SearchAction\",\"target\":{\"@type\":\"EntryPoint\",\"urlTemplate\":\"https:\/\/chateaudesfougeres.fr\/?s={search_term_string}\"},\"query-input\":{\"@type\":\"PropertyValueSpecification\",\"valueRequired\":true,\"valueName\":\"search_term_string\"}}],\"inLanguage\":\"fr-FR\"},{\"@type\":\"Organization\",\"@id\":\"https:\/\/chateaudesfougeres.fr\/#organization\",\"name\":\"CH\u00c2TEAU DES FOUG\u00c8RES\",\"url\":\"https:\/\/chateaudesfougeres.fr\/\",\"logo\":{\"@type\":\"ImageObject\",\"inLanguage\":\"fr-FR\",\"@id\":\"https:\/\/chateaudesfougeres.fr\/#\/schema\/logo\/image\/\",\"url\":\"https:\/\/chateaudesfougeres.fr\/wp-content\/uploads\/2025\/01\/BLASON-CDF-2021-DORE-BLANC-2.png\",\"contentUrl\":\"https:\/\/chateaudesfougeres.fr\/wp-content\/uploads\/2025\/01\/BLASON-CDF-2021-DORE-BLANC-2.png\",\"width\":3576,\"height\":2495,\"caption\":\"CH\u00c2TEAU DES FOUG\u00c8RES\"},\"image\":{\"@id\":\"https:\/\/chateaudesfougeres.fr\/#\/schema\/logo\/image\/\"},\"sameAs\":[\"https:\/\/www.linkedin.com\/company\/chateau-des-fougeres-clos-montesquieu\/?viewAsMember=true\",\"https:\/\/www.instagram.com\/chateau_des_fougeres\/\"]}]}<\/script>\n<!-- \/ Yoast SEO plugin. -->","yoast_head_json":{"title":"CERTIFICATION HAUTE VALEUR ENVIRONNEMENTALE (HVE) - Le Ch\u00e2teau des Foug\u00e8res Clos Montesquieu","description":"Notre domaine, le Ch\u00e2teau des Foug\u00e8res Clos Montesquieu est depuis peu certifi\u00e9 Haute Valeur Environnementale (HVE).","robots":{"index":"index","follow":"follow","max-snippet":"max-snippet:-1","max-image-preview":"max-image-preview:large","max-video-preview":"max-video-preview:-1"},"canonical":"https:\/\/chateaudesfougeres.fr\/index.php\/certification-haute-valeur-environnementale\/","og_locale":"fr_FR","og_type":"article","og_title":"CERTIFICATION HAUTE VALEUR ENVIRONNEMENTALE (HVE) - Le Ch\u00e2teau des Foug\u00e8res Clos Montesquieu","og_description":"Notre domaine, le Ch\u00e2teau des Foug\u00e8res Clos Montesquieu est depuis peu certifi\u00e9 Haute Valeur Environnementale (HVE).","og_url":"https:\/\/chateaudesfougeres.fr\/index.php\/certification-haute-valeur-environnementale\/","og_site_name":"Le Ch\u00e2teau des Foug\u00e8res Clos Montesquieu","article_modified_time":"2025-09-29T09:21:36+00:00","og_image":[{"width":675,"height":675,"url":"https:\/\/chateaudesfougeres.fr\/wp-content\/uploads\/2025\/09\/ruche-2.jpg","type":"image\/jpeg"}],"twitter_card":"summary_large_image","twitter_misc":{"Dur\u00e9e de lecture estim\u00e9e":"2 minutes"},"schema":{"@context":"https:\/\/schema.org","@graph":[{"@type":"WebPage","@id":"https:\/\/chateaudesfougeres.fr\/index.php\/certification-haute-valeur-environnementale\/","url":"https:\/\/chateaudesfougeres.fr\/index.php\/certification-haute-valeur-environnementale\/","name":"CERTIFICATION HAUTE VALEUR ENVIRONNEMENTALE (HVE) - Le Ch\u00e2teau des Foug\u00e8res Clos Montesquieu","isPartOf":{"@id":"https:\/\/chateaudesfougeres.fr\/#website"},"primaryImageOfPage":{"@id":"https:\/\/chateaudesfougeres.fr\/index.php\/certification-haute-valeur-environnementale\/#primaryimage"},"image":{"@id":"https:\/\/chateaudesfougeres.fr\/index.php\/certification-haute-valeur-environnementale\/#primaryimage"},"thumbnailUrl":"https:\/\/chateaudesfougeres.fr\/wp-content\/uploads\/2025\/09\/ruche-2.jpg","datePublished":"2025-09-29T09:17:29+00:00","dateModified":"2025-09-29T09:21:36+00:00","description":"Notre domaine, le Ch\u00e2teau des Foug\u00e8res Clos Montesquieu est depuis peu certifi\u00e9 Haute Valeur Environnementale (HVE).","breadcrumb":{"@id":"https:\/\/chateaudesfougeres.fr\/index.php\/certification-haute-valeur-environnementale\/#breadcrumb"},"inLanguage":"fr-FR","potentialAction":[{"@type":"ReadAction","target":["https:\/\/chateaudesfougeres.fr\/index.php\/certification-haute-valeur-environnementale\/"]}]},{"@type":"ImageObject","inLanguage":"fr-FR","@id":"https:\/\/chateaudesfougeres.fr\/index.php\/certification-haute-valeur-environnementale\/#primaryimage","url":"https:\/\/chateaudesfougeres.fr\/wp-content\/uploads\/2025\/09\/ruche-2.jpg","contentUrl":"https:\/\/chateaudesfougeres.fr\/wp-content\/uploads\/2025\/09\/ruche-2.jpg","width":675,"height":675},{"@type":"BreadcrumbList","@id":"https:\/\/chateaudesfougeres.fr\/index.php\/certification-haute-valeur-environnementale\/#breadcrumb","itemListElement":[{"@type":"ListItem","position":1,"name":"Accueil","item":"https:\/\/chateaudesfougeres.fr\/"},{"@type":"ListItem","position":2,"name":"CERTIFICATION HAUTE VALEUR ENVIRONNEMENTALE (HVE)"}]},{"@type":"WebSite","@id":"https:\/\/chateaudesfougeres.fr\/#website","url":"https:\/\/chateaudesfougeres.fr\/","name":"CH\u00c2TEAU DES FOUG\u00c8RES","description":"","publisher":{"@id":"https:\/\/chateaudesfougeres.fr\/#organization"},"potentialAction":[{"@type":"SearchAction","target":{"@type":"EntryPoint","urlTemplate":"https:\/\/chateaudesfougeres.fr\/?s={search_term_string}"},"query-input":{"@type":"PropertyValueSpecification","valueRequired":true,"valueName":"search_term_string"}}],"inLanguage":"fr-FR"},{"@type":"Organization","@id":"https:\/\/chateaudesfougeres.fr\/#organization","name":"CH\u00c2TEAU DES FOUG\u00c8RES","url":"https:\/\/chateaudesfougeres.fr\/","logo":{"@type":"ImageObject","inLanguage":"fr-FR","@id":"https:\/\/chateaudesfougeres.fr\/#\/schema\/logo\/image\/","url":"https:\/\/chateaudesfougeres.fr\/wp-content\/uploads\/2025\/01\/BLASON-CDF-2021-DORE-BLANC-2.png","contentUrl":"https:\/\/chateaudesfougeres.fr\/wp-content\/uploads\/2025\/01\/BLASON-CDF-2021-DORE-BLANC-2.png","width":3576,"height":2495,"caption":"CH\u00c2TEAU DES FOUG\u00c8RES"},"image":{"@id":"https:\/\/chateaudesfougeres.fr\/#\/schema\/logo\/image\/"},"sameAs":["https:\/\/www.linkedin.com\/company\/chateau-des-fougeres-clos-montesquieu\/?viewAsMember=true","https:\/\/www.instagram.com\/chateau_des_fougeres\/"]}]}},"_links":{"self":[{"href":"https:\/\/chateaudesfougeres.fr\/index.php\/wp-json\/wp\/v2\/pages\/249","targetHints":{"allow":["GET"]}}],"collection":[{"href":"https:\/\/chateaudesfougeres.fr\/index.php\/wp-json\/wp\/v2\/pages"}],"about":[{"href":"https:\/\/chateaudesfougeres.fr\/index.php\/wp-json\/wp\/v2\/types\/page"}],"author":[{"embeddable":true,"href":"https:\/\/chateaudesfougeres.fr\/index.php\/wp-json\/wp\/v2\/users\/1"}],"replies":[{"embeddable":true,"href":"https:\/\/chateaudesfougeres.fr\/index.php\/wp-json\/wp\/v2\/comments?post=249"}],"version-history":[{"count":3,"href":"https:\/\/chateaudesfougeres.fr\/index.php\/wp-json\/wp\/v2\/pages\/249\/revisions"}],"predecessor-version":[{"id":257,"href":"https:\/\/chateaudesfougeres.fr\/index.php\/wp-json\/wp\/v2\/pages\/249\/revisions\/257"}],"wp:attachment":[{"href":"https:\/\/chateaudesfougeres.fr\/index.php\/wp-json\/wp\/v2\/media?parent=249"}],"curies":[{"name":"wp","href":"https:\/\/api.w.org\/{rel}","templated":true}]}}