{"id":26,"date":"2025-01-27T14:07:10","date_gmt":"2025-01-27T14:07:10","guid":{"rendered":"https:\/\/chateaudesfougeres.fr\/?page_id=26"},"modified":"2025-01-28T11:56:45","modified_gmt":"2025-01-28T11:56:45","slug":"chateaudesfougeres-histoire","status":"publish","type":"page","link":"https:\/\/chateaudesfougeres.fr\/index.php\/chateaudesfougeres-histoire\/","title":{"rendered":"L&rsquo;HISTOIRE"},"content":{"rendered":"\n<h2 class=\"wp-block-heading\"><strong>L\u2019histoire de notre Ch\u00e2teau est li\u00e9e \u00e0 la famille du philosophe Charles de Montesquieu.<\/strong><\/h2>\n\n\n\n<p>Philosophe et auteur, en plus d\u2019\u00eatre un personnage public, un homme d\u2019affaires et un vigneron, Charles de Montesquieu (plus pr\u00e9cis\u00e9ment Charles Louis de Secondat, Baron de Secondat de Montesquieu) a supervis\u00e9 le d\u00e9veloppement de son domaine et de son vignoble \u00e0 La Br\u00e8de (pr\u00e8s de Bordeaux). Il a \u00e9t\u00e9 le premier \u00e0 promouvoir les vins de la r\u00e9gion des Graves de Bordeaux, et a beaucoup fait pour b\u00e2tir leur r\u00e9putation en France et en Grande-Bretagne. Le domaine est attest\u00e9 en 1703 comme d\u00e9pendant en fief de Jacques de Secondat de Montesquieu, le p\u00e8re du philosophe. C\u2019est en 1867 que le Baron Gaston de Montesquieu, son neveu, le rach\u00e8te puis en entreprend sa transformation, lui donne le nom de Foug\u00e8res et plante alors les premi\u00e8res vignes.<\/p>\n\n\n\n<p>La premi\u00e8re preuve d\u2019une production vinicole sur la propri\u00e9t\u00e9 date de 1874 au b\u00e9n\u00e9fice de Gaston de Montesquieu qui d\u00e9clare cette ann\u00e9e-l\u00e0 aux Foug\u00e8res 40 tonneaux de vin rouge et 20 tonneaux de vin blanc. En 1881 la production est de 80 tonneaux de vin rouge et 20 tonneaux de vin blanc. En 1908, Henri de Montesquieu, fils de Gaston, prend la t\u00eate du domaine. La production est alors limit\u00e9e \u00e0 35 tonneaux de vin rouge et 5 tonneaux de vin blanc. En 1949, la baronne de Montesquieu Marie Kappelhof-Lan\u00e7on, veuve de Charles de Montesquieu (fils d\u2019Henri de Montesquieu) produit 10 tonneaux de vin rouge et autant de vin blanc.<\/p>\n\n\n\n<figure class=\"wp-block-image size-full\"><img loading=\"lazy\" decoding=\"async\" width=\"954\" height=\"323\" src=\"https:\/\/chateaudesfougeres.fr\/wp-content\/uploads\/2025\/01\/Design-sans-titre-1.jpg\" alt=\"\" class=\"wp-image-31\" srcset=\"https:\/\/chateaudesfougeres.fr\/wp-content\/uploads\/2025\/01\/Design-sans-titre-1.jpg 954w, https:\/\/chateaudesfougeres.fr\/wp-content\/uploads\/2025\/01\/Design-sans-titre-1-300x102.jpg 300w, https:\/\/chateaudesfougeres.fr\/wp-content\/uploads\/2025\/01\/Design-sans-titre-1-768x260.jpg 768w\" sizes=\"auto, (max-width: 954px) 100vw, 954px\" \/><\/figure>\n\n\n\n<p>En 1986, l\u2019arri\u00e8re-petit-fils de Gaston, le Baron Henry de Montesquieu, reprend l\u2019exploitation viticole, renouant avec l\u2019activit\u00e9 qui avait \u00e9t\u00e9 l\u2019\u0153uvre de toute une vie de son illustre anc\u00eatre.<\/p>\n\n\n\n<p><strong>En 2010<\/strong>, la famille du Baron d\u00e9m\u00e9nage \u00e0 Paris et des acqu\u00e9reurs \u00e9trangers s\u2019int\u00e9ressent alors au domaine. Mais, apr\u00e8s de nombreuses rencontres devenues amicales, le Baron a pr\u00e9f\u00e9r\u00e9 vendre le domaine au maire de Labrit (40), un capitaine d\u2019industrie de la r\u00e9gion, tr\u00e8s investi dans la vie locale du d\u00e9partement des Landes, avec la certitude que la r\u00e9putation du vignoble resterait parmi les meilleures et que le ch\u00e2teau serait conserv\u00e9 dans sa configuration d\u2019alors.<\/p>\n\n\n\n<figure class=\"wp-block-image aligncenter size-large is-resized\"><img loading=\"lazy\" decoding=\"async\" width=\"1024\" height=\"497\" src=\"https:\/\/chateaudesfougeres.fr\/wp-content\/uploads\/2025\/01\/Design-sans-titre-3-1024x497.jpg\" alt=\"\" class=\"wp-image-51\" style=\"width:637px;height:auto\" srcset=\"https:\/\/chateaudesfougeres.fr\/wp-content\/uploads\/2025\/01\/Design-sans-titre-3-1024x497.jpg 1024w, https:\/\/chateaudesfougeres.fr\/wp-content\/uploads\/2025\/01\/Design-sans-titre-3-300x146.jpg 300w, https:\/\/chateaudesfougeres.fr\/wp-content\/uploads\/2025\/01\/Design-sans-titre-3-768x373.jpg 768w, https:\/\/chateaudesfougeres.fr\/wp-content\/uploads\/2025\/01\/Design-sans-titre-3.jpg 1240w\" sizes=\"auto, (max-width: 1024px) 100vw, 1024px\" \/><\/figure>\n\n\n\n<p class=\"has-foreground-color has-text-color has-link-color wp-elements-83df2654685813ac797c0182fc5b5fc6\">Comme le Baron l\u2019avait alors dit avec plaisir \u00e0 Dominique Couti\u00e8re \u00ab la boucle est boucl\u00e9e \u00bb. Le domaine revenait vers sa source car Labrit (ville des Landes dont M. Couti\u00e8re est le maire depuis des ann\u00e9es) constitue le berceau des seigneurs d\u2019Albret (<a href=\"https:\/\/fr.wikipedia.org\/wiki\/Ch%C3%A2teau_de_Labrit\" target=\"_blank\" rel=\"noreferrer noopener\">https:\/\/fr.wikipedia.org\/wiki\/Ch%C3%A2teau_de_Labrit<\/a>\u00a0), noble famille gasconne qui a \u00e9tendu son influence au cours des si\u00e8cles jusqu\u2019\u00e0 l\u2019accession au tr\u00f4ne de France de l\u2019un des siens, le roi Henri IV.<\/p>\n\n\n\n<p>C\u2019est en effet Jeanne d\u2019Albret, fille de Marguerite d\u2019Angoul\u00eame et m\u00e8re d\u2019Henri IV, qui donna la terre de Montesquieu \u00e0 Jean de Secondat le 2 octobre 1564, ce dernier devenant alors Seigneur de Montesquieu, le premier de la lign\u00e9e.<\/p>\n\n\n\n<p>Ce Jean de Secondat, est un personnage exceptionnel : il porte les titres de Conseiller de France, Tr\u00e9sorier g\u00e9n\u00e9ral des Finances, Ma\u00eetre d\u2019H\u00f4tel ordinaire du Roi et de la Reine de Navarre, Gouverneur du Ch\u00e2teau de N\u00e9rac, Administrateur du Royaume de Navarre en 1564.<\/p>\n\n\n\n<p>Un de ses fils est Jacob de Secondat et c\u2019est pour ce dernier qu\u2019Henri IV \u00e9rigea en Baronnie Les Terres de Montesquieu, par lettres patentes de f\u00e9vrier 1606. La lign\u00e9e des Barons de Montesquieu commen\u00e7ait.<\/p>\n\n\n\n<p><\/p>\n","protected":false},"excerpt":{"rendered":"<p>L\u2019histoire de notre Ch\u00e2teau est li\u00e9e \u00e0 la famille du philosophe Charles de Montesquieu. Philosophe et auteur, en plus d\u2019\u00eatre un personnage public, un homme d\u2019affaires et un vigneron, Charles de Montesquieu (plus pr\u00e9cis\u00e9ment Charles Louis de Secondat, Baron de Secondat de Montesquieu) a supervis\u00e9 le d\u00e9veloppement de son domaine et de son vignoble \u00e0 [&hellip;]<\/p>\n","protected":false},"author":1,"featured_media":32,"parent":0,"menu_order":0,"comment_status":"closed","ping_status":"closed","template":"","meta":{"footnotes":""},"class_list":["post-26","page","type-page","status-publish","has-post-thumbnail","hentry"],"yoast_head":"<!-- This site is optimized with the Yoast SEO plugin v26.7 - https:\/\/yoast.com\/wordpress\/plugins\/seo\/ -->\n<title>L&#039;HISTOIRE - Le Ch\u00e2teau des Foug\u00e8res Clos Montesquieu<\/title>\n<meta name=\"description\" content=\"L\u2019histoire de notre Ch\u00e2teau est li\u00e9e \u00e0 la famille du philosophe Charles de Montesquieu. D\u00e9couvrez en plus sur ce monument historique.\" \/>\n<meta name=\"robots\" content=\"index, follow, max-snippet:-1, max-image-preview:large, max-video-preview:-1\" \/>\n<link rel=\"canonical\" href=\"https:\/\/chateaudesfougeres.fr\/index.php\/chateaudesfougeres-histoire\/\" \/>\n<meta property=\"og:locale\" content=\"fr_FR\" \/>\n<meta property=\"og:type\" content=\"article\" \/>\n<meta property=\"og:title\" content=\"L&#039;HISTOIRE - Le Ch\u00e2teau des Foug\u00e8res Clos Montesquieu\" \/>\n<meta property=\"og:description\" content=\"L\u2019histoire de notre Ch\u00e2teau est li\u00e9e \u00e0 la famille du philosophe Charles de Montesquieu. D\u00e9couvrez en plus sur ce monument historique.\" \/>\n<meta property=\"og:url\" content=\"https:\/\/chateaudesfougeres.fr\/index.php\/chateaudesfougeres-histoire\/\" \/>\n<meta property=\"og:site_name\" content=\"Le Ch\u00e2teau des Foug\u00e8res Clos Montesquieu\" \/>\n<meta property=\"article:modified_time\" content=\"2025-01-28T11:56:45+00:00\" \/>\n<meta property=\"og:image\" content=\"https:\/\/chateaudesfougeres.fr\/wp-content\/uploads\/2025\/01\/Design-sans-titre-2.jpg\" \/>\n\t<meta property=\"og:image:width\" content=\"2048\" \/>\n\t<meta property=\"og:image:height\" content=\"692\" \/>\n\t<meta property=\"og:image:type\" content=\"image\/jpeg\" \/>\n<meta name=\"twitter:card\" content=\"summary_large_image\" \/>\n<meta name=\"twitter:label1\" content=\"Dur\u00e9e de lecture estim\u00e9e\" \/>\n\t<meta name=\"twitter:data1\" content=\"4 minutes\" \/>\n<script type=\"application\/ld+json\" class=\"yoast-schema-graph\">{\"@context\":\"https:\/\/schema.org\",\"@graph\":[{\"@type\":\"WebPage\",\"@id\":\"https:\/\/chateaudesfougeres.fr\/index.php\/chateaudesfougeres-histoire\/\",\"url\":\"https:\/\/chateaudesfougeres.fr\/index.php\/chateaudesfougeres-histoire\/\",\"name\":\"L'HISTOIRE - Le Ch\u00e2teau des Foug\u00e8res Clos Montesquieu\",\"isPartOf\":{\"@id\":\"https:\/\/chateaudesfougeres.fr\/#website\"},\"primaryImageOfPage\":{\"@id\":\"https:\/\/chateaudesfougeres.fr\/index.php\/chateaudesfougeres-histoire\/#primaryimage\"},\"image\":{\"@id\":\"https:\/\/chateaudesfougeres.fr\/index.php\/chateaudesfougeres-histoire\/#primaryimage\"},\"thumbnailUrl\":\"https:\/\/chateaudesfougeres.fr\/wp-content\/uploads\/2025\/01\/Design-sans-titre-2.jpg\",\"datePublished\":\"2025-01-27T14:07:10+00:00\",\"dateModified\":\"2025-01-28T11:56:45+00:00\",\"description\":\"L\u2019histoire de notre Ch\u00e2teau est li\u00e9e \u00e0 la famille du philosophe Charles de Montesquieu. D\u00e9couvrez en plus sur ce monument historique.\",\"breadcrumb\":{\"@id\":\"https:\/\/chateaudesfougeres.fr\/index.php\/chateaudesfougeres-histoire\/#breadcrumb\"},\"inLanguage\":\"fr-FR\",\"potentialAction\":[{\"@type\":\"ReadAction\",\"target\":[\"https:\/\/chateaudesfougeres.fr\/index.php\/chateaudesfougeres-histoire\/\"]}]},{\"@type\":\"ImageObject\",\"inLanguage\":\"fr-FR\",\"@id\":\"https:\/\/chateaudesfougeres.fr\/index.php\/chateaudesfougeres-histoire\/#primaryimage\",\"url\":\"https:\/\/chateaudesfougeres.fr\/wp-content\/uploads\/2025\/01\/Design-sans-titre-2.jpg\",\"contentUrl\":\"https:\/\/chateaudesfougeres.fr\/wp-content\/uploads\/2025\/01\/Design-sans-titre-2.jpg\",\"width\":2048,\"height\":692,\"caption\":\"histoire\"},{\"@type\":\"BreadcrumbList\",\"@id\":\"https:\/\/chateaudesfougeres.fr\/index.php\/chateaudesfougeres-histoire\/#breadcrumb\",\"itemListElement\":[{\"@type\":\"ListItem\",\"position\":1,\"name\":\"Accueil\",\"item\":\"https:\/\/chateaudesfougeres.fr\/\"},{\"@type\":\"ListItem\",\"position\":2,\"name\":\"L&rsquo;HISTOIRE\"}]},{\"@type\":\"WebSite\",\"@id\":\"https:\/\/chateaudesfougeres.fr\/#website\",\"url\":\"https:\/\/chateaudesfougeres.fr\/\",\"name\":\"CH\u00c2TEAU DES FOUG\u00c8RES\",\"description\":\"\",\"publisher\":{\"@id\":\"https:\/\/chateaudesfougeres.fr\/#organization\"},\"potentialAction\":[{\"@type\":\"SearchAction\",\"target\":{\"@type\":\"EntryPoint\",\"urlTemplate\":\"https:\/\/chateaudesfougeres.fr\/?s={search_term_string}\"},\"query-input\":{\"@type\":\"PropertyValueSpecification\",\"valueRequired\":true,\"valueName\":\"search_term_string\"}}],\"inLanguage\":\"fr-FR\"},{\"@type\":\"Organization\",\"@id\":\"https:\/\/chateaudesfougeres.fr\/#organization\",\"name\":\"CH\u00c2TEAU DES FOUG\u00c8RES\",\"url\":\"https:\/\/chateaudesfougeres.fr\/\",\"logo\":{\"@type\":\"ImageObject\",\"inLanguage\":\"fr-FR\",\"@id\":\"https:\/\/chateaudesfougeres.fr\/#\/schema\/logo\/image\/\",\"url\":\"https:\/\/chateaudesfougeres.fr\/wp-content\/uploads\/2025\/01\/BLASON-CDF-2021-DORE-BLANC-2.png\",\"contentUrl\":\"https:\/\/chateaudesfougeres.fr\/wp-content\/uploads\/2025\/01\/BLASON-CDF-2021-DORE-BLANC-2.png\",\"width\":3576,\"height\":2495,\"caption\":\"CH\u00c2TEAU DES FOUG\u00c8RES\"},\"image\":{\"@id\":\"https:\/\/chateaudesfougeres.fr\/#\/schema\/logo\/image\/\"},\"sameAs\":[\"https:\/\/www.linkedin.com\/company\/chateau-des-fougeres-clos-montesquieu\/?viewAsMember=true\",\"https:\/\/www.instagram.com\/chateau_des_fougeres\/\"]}]}<\/script>\n<!-- \/ Yoast SEO plugin. -->","yoast_head_json":{"title":"L'HISTOIRE - Le Ch\u00e2teau des Foug\u00e8res Clos Montesquieu","description":"L\u2019histoire de notre Ch\u00e2teau est li\u00e9e \u00e0 la famille du philosophe Charles de Montesquieu. D\u00e9couvrez en plus sur ce monument historique.","robots":{"index":"index","follow":"follow","max-snippet":"max-snippet:-1","max-image-preview":"max-image-preview:large","max-video-preview":"max-video-preview:-1"},"canonical":"https:\/\/chateaudesfougeres.fr\/index.php\/chateaudesfougeres-histoire\/","og_locale":"fr_FR","og_type":"article","og_title":"L'HISTOIRE - Le Ch\u00e2teau des Foug\u00e8res Clos Montesquieu","og_description":"L\u2019histoire de notre Ch\u00e2teau est li\u00e9e \u00e0 la famille du philosophe Charles de Montesquieu. D\u00e9couvrez en plus sur ce monument historique.","og_url":"https:\/\/chateaudesfougeres.fr\/index.php\/chateaudesfougeres-histoire\/","og_site_name":"Le Ch\u00e2teau des Foug\u00e8res Clos Montesquieu","article_modified_time":"2025-01-28T11:56:45+00:00","og_image":[{"width":2048,"height":692,"url":"https:\/\/chateaudesfougeres.fr\/wp-content\/uploads\/2025\/01\/Design-sans-titre-2.jpg","type":"image\/jpeg"}],"twitter_card":"summary_large_image","twitter_misc":{"Dur\u00e9e de lecture estim\u00e9e":"4 minutes"},"schema":{"@context":"https:\/\/schema.org","@graph":[{"@type":"WebPage","@id":"https:\/\/chateaudesfougeres.fr\/index.php\/chateaudesfougeres-histoire\/","url":"https:\/\/chateaudesfougeres.fr\/index.php\/chateaudesfougeres-histoire\/","name":"L'HISTOIRE - Le Ch\u00e2teau des Foug\u00e8res Clos Montesquieu","isPartOf":{"@id":"https:\/\/chateaudesfougeres.fr\/#website"},"primaryImageOfPage":{"@id":"https:\/\/chateaudesfougeres.fr\/index.php\/chateaudesfougeres-histoire\/#primaryimage"},"image":{"@id":"https:\/\/chateaudesfougeres.fr\/index.php\/chateaudesfougeres-histoire\/#primaryimage"},"thumbnailUrl":"https:\/\/chateaudesfougeres.fr\/wp-content\/uploads\/2025\/01\/Design-sans-titre-2.jpg","datePublished":"2025-01-27T14:07:10+00:00","dateModified":"2025-01-28T11:56:45+00:00","description":"L\u2019histoire de notre Ch\u00e2teau est li\u00e9e \u00e0 la famille du philosophe Charles de Montesquieu. D\u00e9couvrez en plus sur ce monument historique.","breadcrumb":{"@id":"https:\/\/chateaudesfougeres.fr\/index.php\/chateaudesfougeres-histoire\/#breadcrumb"},"inLanguage":"fr-FR","potentialAction":[{"@type":"ReadAction","target":["https:\/\/chateaudesfougeres.fr\/index.php\/chateaudesfougeres-histoire\/"]}]},{"@type":"ImageObject","inLanguage":"fr-FR","@id":"https:\/\/chateaudesfougeres.fr\/index.php\/chateaudesfougeres-histoire\/#primaryimage","url":"https:\/\/chateaudesfougeres.fr\/wp-content\/uploads\/2025\/01\/Design-sans-titre-2.jpg","contentUrl":"https:\/\/chateaudesfougeres.fr\/wp-content\/uploads\/2025\/01\/Design-sans-titre-2.jpg","width":2048,"height":692,"caption":"histoire"},{"@type":"BreadcrumbList","@id":"https:\/\/chateaudesfougeres.fr\/index.php\/chateaudesfougeres-histoire\/#breadcrumb","itemListElement":[{"@type":"ListItem","position":1,"name":"Accueil","item":"https:\/\/chateaudesfougeres.fr\/"},{"@type":"ListItem","position":2,"name":"L&rsquo;HISTOIRE"}]},{"@type":"WebSite","@id":"https:\/\/chateaudesfougeres.fr\/#website","url":"https:\/\/chateaudesfougeres.fr\/","name":"CH\u00c2TEAU DES FOUG\u00c8RES","description":"","publisher":{"@id":"https:\/\/chateaudesfougeres.fr\/#organization"},"potentialAction":[{"@type":"SearchAction","target":{"@type":"EntryPoint","urlTemplate":"https:\/\/chateaudesfougeres.fr\/?s={search_term_string}"},"query-input":{"@type":"PropertyValueSpecification","valueRequired":true,"valueName":"search_term_string"}}],"inLanguage":"fr-FR"},{"@type":"Organization","@id":"https:\/\/chateaudesfougeres.fr\/#organization","name":"CH\u00c2TEAU DES FOUG\u00c8RES","url":"https:\/\/chateaudesfougeres.fr\/","logo":{"@type":"ImageObject","inLanguage":"fr-FR","@id":"https:\/\/chateaudesfougeres.fr\/#\/schema\/logo\/image\/","url":"https:\/\/chateaudesfougeres.fr\/wp-content\/uploads\/2025\/01\/BLASON-CDF-2021-DORE-BLANC-2.png","contentUrl":"https:\/\/chateaudesfougeres.fr\/wp-content\/uploads\/2025\/01\/BLASON-CDF-2021-DORE-BLANC-2.png","width":3576,"height":2495,"caption":"CH\u00c2TEAU DES FOUG\u00c8RES"},"image":{"@id":"https:\/\/chateaudesfougeres.fr\/#\/schema\/logo\/image\/"},"sameAs":["https:\/\/www.linkedin.com\/company\/chateau-des-fougeres-clos-montesquieu\/?viewAsMember=true","https:\/\/www.instagram.com\/chateau_des_fougeres\/"]}]}},"_links":{"self":[{"href":"https:\/\/chateaudesfougeres.fr\/index.php\/wp-json\/wp\/v2\/pages\/26","targetHints":{"allow":["GET"]}}],"collection":[{"href":"https:\/\/chateaudesfougeres.fr\/index.php\/wp-json\/wp\/v2\/pages"}],"about":[{"href":"https:\/\/chateaudesfougeres.fr\/index.php\/wp-json\/wp\/v2\/types\/page"}],"author":[{"embeddable":true,"href":"https:\/\/chateaudesfougeres.fr\/index.php\/wp-json\/wp\/v2\/users\/1"}],"replies":[{"embeddable":true,"href":"https:\/\/chateaudesfougeres.fr\/index.php\/wp-json\/wp\/v2\/comments?post=26"}],"version-history":[{"count":3,"href":"https:\/\/chateaudesfougeres.fr\/index.php\/wp-json\/wp\/v2\/pages\/26\/revisions"}],"predecessor-version":[{"id":64,"href":"https:\/\/chateaudesfougeres.fr\/index.php\/wp-json\/wp\/v2\/pages\/26\/revisions\/64"}],"wp:featuredmedia":[{"embeddable":true,"href":"https:\/\/chateaudesfougeres.fr\/index.php\/wp-json\/wp\/v2\/media\/32"}],"wp:attachment":[{"href":"https:\/\/chateaudesfougeres.fr\/index.php\/wp-json\/wp\/v2\/media?parent=26"}],"curies":[{"name":"wp","href":"https:\/\/api.w.org\/{rel}","templated":true}]}}