{"id":262,"date":"2025-09-29T09:38:39","date_gmt":"2025-09-29T09:38:39","guid":{"rendered":"https:\/\/chateaudesfougeres.fr\/?page_id=262"},"modified":"2025-09-29T09:39:58","modified_gmt":"2025-09-29T09:39:58","slug":"medaille-argent-chateau-des-fougeres-clos-montesquieu-2022","status":"publish","type":"page","link":"https:\/\/chateaudesfougeres.fr\/index.php\/medaille-argent-chateau-des-fougeres-clos-montesquieu-2022\/","title":{"rendered":"M\u00c9DAILLE D&rsquo;ARGENT &#8211; CH\u00c2TEAU DES FOUG\u00c8RES CLOS MONTESQUIEU 2022"},"content":{"rendered":"\n<h2 class=\"wp-block-heading\">Notre ch\u00e2teau des Foug\u00e8res Clos Montesquieu 2022 m\u00e9daill\u00e9 d&rsquo;argent<\/h2>\n\n\n\n<p>Bonne nouvelle pour les amateurs de Bordeaux : le Ch\u00e2teau des Foug\u00e8res Clos Montesquieu 2022 vient de d\u00e9crocher une m\u00e9daille d\u2019argent au Concours Mondial de Bruxelles. <\/p>\n\n\n\n<p>Une distinction exigeante qui salue l\u2019\u00e9quilibre et la pr\u00e9cision de ce rouge. <\/p>\n\n\n\n<p>Un vin rondement men\u00e9 qui se propose avec un nez expressif et aromatique sur les fruits blancs \u00e0 noyaux et les fruits exotiques.<br>La bouche est \u00e9l\u00e9gante, fine, et sa complexit\u00e9 nous apporte une touche florale. Finale persistante. <br><br><strong><a href=\"https:\/\/www.twil.fr\/france\/bordeaux\/graves\/chateau-des-fougeres-clos-montesquieu-wine-5661.html#713030\" target=\"_blank\" rel=\"noreferrer noopener\">L&rsquo;oeil :<\/a><\/strong> un costume noir qui laisse pr\u00e9sager du caract\u00e8re.<\/p>\n\n\n\n<p><strong><a href=\"https:\/\/www.twil.fr\/france\/bordeaux\/graves\/chateau-des-fougeres-clos-montesquieu-wine-5661.html#713030\" target=\"_blank\" rel=\"noreferrer noopener\">Le nez :<\/a> <\/strong>cuv\u00e9e qui offre un nez \u00e9l\u00e9gant et subtil, des fruits rouges et noirs tr\u00e8s m\u00fbrs, aux notes \u00e9pic\u00e9es et au bois\u00e9 d\u00e9licat.<\/p>\n\n\n\n<p><strong><a href=\"https:\/\/www.twil.fr\/france\/bordeaux\/graves\/chateau-des-fougeres-clos-montesquieu-wine-5661.html#713030\" target=\"_blank\" rel=\"noreferrer noopener\">La bouche :<\/a> <\/strong>un passage en carafe pour d\u00e9couvrir des ar\u00f4mes de cassis et des notes empyreumatiques. On pourrait croire ses tanins aust\u00e8res, mais non, c\u2019est de l\u2019\u00e9l\u00e9gance avant la convivialit\u00e9 et la g\u00e9n\u00e9rosit\u00e9.<\/p>\n\n\n\n<p><strong>Fiche Technique :<\/strong><\/p>\n\n\n\n<ul class=\"wp-block-list\">\n<li>Garde : 15 ans<\/li>\n\n\n\n<li>Apog\u00e9e : 2027<\/li>\n\n\n\n<li>Service : 16\u00b0C<\/li>\n\n\n\n<li>C\u00e9pages : Cabernet-sauvignon, Merlot<\/li>\n\n\n\n<li>Terroir : argilo calcaire des Graves<\/li>\n\n\n\n<li>Type culture : <a href=\"https:\/\/chateaudesfougeres.fr\/index.php\/certification-haute-valeur-environnementale\/\" target=\"_blank\" rel=\"noreferrer noopener\">Haute Valeur Environnementale (HVE)<\/a><\/li>\n\n\n\n<li>Alcool : 13%<\/li>\n\n\n\n<li>Contenance : 75cl<\/li>\n\n\n\n<li>Carafage : 60 min.<\/li>\n<\/ul>\n\n\n\n<p>Ce 2022 conjugue gourmandise et tenue, promettant un tr\u00e8s bel accord sur viandes grill\u00e9es et plats mijot\u00e9s. Cette r\u00e9compense confirme l\u2019ascension du domaine et invite \u00e0 (re)d\u00e9couvrir une cuv\u00e9e au rapport plaisir\/prix particuli\u00e8rement convaincant.<\/p>\n\n\n\n<p><a href=\"https:\/\/chateaudesfougeres.fr\/index.php\/contact\/\" target=\"_blank\" rel=\"noreferrer noopener\">Contactez-nous pour en savoir plus. <\/a><\/p>\n\n\n\n<figure class=\"wp-block-image aligncenter size-large is-resized\"><img loading=\"lazy\" decoding=\"async\" width=\"819\" height=\"1024\" src=\"https:\/\/chateaudesfougeres.fr\/wp-content\/uploads\/2025\/09\/7-07-25-MEDAILLE-CDF-2022-819x1024.png\" alt=\"chateau-des-fougeres-clos-montesquieu-2022-medaille-argent\" class=\"wp-image-263\" style=\"width:486px;height:auto\" srcset=\"https:\/\/chateaudesfougeres.fr\/wp-content\/uploads\/2025\/09\/7-07-25-MEDAILLE-CDF-2022-819x1024.png 819w, https:\/\/chateaudesfougeres.fr\/wp-content\/uploads\/2025\/09\/7-07-25-MEDAILLE-CDF-2022-240x300.png 240w, https:\/\/chateaudesfougeres.fr\/wp-content\/uploads\/2025\/09\/7-07-25-MEDAILLE-CDF-2022-768x960.png 768w, https:\/\/chateaudesfougeres.fr\/wp-content\/uploads\/2025\/09\/7-07-25-MEDAILLE-CDF-2022.png 1080w\" sizes=\"auto, (max-width: 819px) 100vw, 819px\" \/><\/figure>\n","protected":false},"excerpt":{"rendered":"<p>Notre ch\u00e2teau des Foug\u00e8res Clos Montesquieu 2022 m\u00e9daill\u00e9 d&rsquo;argent Bonne nouvelle pour les amateurs de Bordeaux : le Ch\u00e2teau des Foug\u00e8res Clos Montesquieu 2022 vient de d\u00e9crocher une m\u00e9daille d\u2019argent au Concours Mondial de Bruxelles. Une distinction exigeante qui salue l\u2019\u00e9quilibre et la pr\u00e9cision de ce rouge. Un vin rondement men\u00e9 qui se propose avec [&hellip;]<\/p>\n","protected":false},"author":1,"featured_media":0,"parent":0,"menu_order":0,"comment_status":"closed","ping_status":"closed","template":"","meta":{"footnotes":""},"class_list":["post-262","page","type-page","status-publish","hentry"],"yoast_head":"<!-- This site is optimized with the Yoast SEO plugin v26.7 - https:\/\/yoast.com\/wordpress\/plugins\/seo\/ -->\n<title>M\u00c9DAILLE D&#039;ARGENT - CH\u00c2TEAU DES FOUG\u00c8RES CLOS MONTESQUIEU 2022 - Le Ch\u00e2teau des Foug\u00e8res Clos Montesquieu<\/title>\n<meta name=\"description\" content=\"Notre mill\u00e9sime Ch\u00e2teau des Foug\u00e8res Clos Montesquieu 2022 est m\u00e9daill\u00e9 d&#039;argent au concours de Bruxelles 2025.\" \/>\n<meta name=\"robots\" content=\"index, follow, max-snippet:-1, max-image-preview:large, max-video-preview:-1\" \/>\n<link rel=\"canonical\" href=\"https:\/\/chateaudesfougeres.fr\/index.php\/medaille-argent-chateau-des-fougeres-clos-montesquieu-2022\/\" \/>\n<meta property=\"og:locale\" content=\"fr_FR\" \/>\n<meta property=\"og:type\" content=\"article\" \/>\n<meta property=\"og:title\" content=\"M\u00c9DAILLE D&#039;ARGENT - CH\u00c2TEAU DES FOUG\u00c8RES CLOS MONTESQUIEU 2022 - Le Ch\u00e2teau des Foug\u00e8res Clos Montesquieu\" \/>\n<meta property=\"og:description\" content=\"Notre mill\u00e9sime Ch\u00e2teau des Foug\u00e8res Clos Montesquieu 2022 est m\u00e9daill\u00e9 d&#039;argent au concours de Bruxelles 2025.\" \/>\n<meta property=\"og:url\" content=\"https:\/\/chateaudesfougeres.fr\/index.php\/medaille-argent-chateau-des-fougeres-clos-montesquieu-2022\/\" \/>\n<meta property=\"og:site_name\" content=\"Le Ch\u00e2teau des Foug\u00e8res Clos Montesquieu\" \/>\n<meta property=\"article:modified_time\" content=\"2025-09-29T09:39:58+00:00\" \/>\n<meta property=\"og:image\" content=\"https:\/\/chateaudesfougeres.fr\/wp-content\/uploads\/2025\/09\/7-07-25-MEDAILLE-CDF-2022.png\" \/>\n\t<meta property=\"og:image:width\" content=\"1080\" \/>\n\t<meta property=\"og:image:height\" content=\"1350\" \/>\n\t<meta property=\"og:image:type\" content=\"image\/png\" \/>\n<meta name=\"twitter:card\" content=\"summary_large_image\" \/>\n<meta name=\"twitter:label1\" content=\"Dur\u00e9e de lecture estim\u00e9e\" \/>\n\t<meta name=\"twitter:data1\" content=\"2 minutes\" \/>\n<script type=\"application\/ld+json\" class=\"yoast-schema-graph\">{\"@context\":\"https:\/\/schema.org\",\"@graph\":[{\"@type\":\"WebPage\",\"@id\":\"https:\/\/chateaudesfougeres.fr\/index.php\/medaille-argent-chateau-des-fougeres-clos-montesquieu-2022\/\",\"url\":\"https:\/\/chateaudesfougeres.fr\/index.php\/medaille-argent-chateau-des-fougeres-clos-montesquieu-2022\/\",\"name\":\"M\u00c9DAILLE D'ARGENT - CH\u00c2TEAU DES FOUG\u00c8RES CLOS MONTESQUIEU 2022 - Le Ch\u00e2teau des Foug\u00e8res Clos Montesquieu\",\"isPartOf\":{\"@id\":\"https:\/\/chateaudesfougeres.fr\/#website\"},\"primaryImageOfPage\":{\"@id\":\"https:\/\/chateaudesfougeres.fr\/index.php\/medaille-argent-chateau-des-fougeres-clos-montesquieu-2022\/#primaryimage\"},\"image\":{\"@id\":\"https:\/\/chateaudesfougeres.fr\/index.php\/medaille-argent-chateau-des-fougeres-clos-montesquieu-2022\/#primaryimage\"},\"thumbnailUrl\":\"https:\/\/chateaudesfougeres.fr\/wp-content\/uploads\/2025\/09\/7-07-25-MEDAILLE-CDF-2022-819x1024.png\",\"datePublished\":\"2025-09-29T09:38:39+00:00\",\"dateModified\":\"2025-09-29T09:39:58+00:00\",\"description\":\"Notre mill\u00e9sime Ch\u00e2teau des Foug\u00e8res Clos Montesquieu 2022 est m\u00e9daill\u00e9 d'argent au concours de Bruxelles 2025.\",\"breadcrumb\":{\"@id\":\"https:\/\/chateaudesfougeres.fr\/index.php\/medaille-argent-chateau-des-fougeres-clos-montesquieu-2022\/#breadcrumb\"},\"inLanguage\":\"fr-FR\",\"potentialAction\":[{\"@type\":\"ReadAction\",\"target\":[\"https:\/\/chateaudesfougeres.fr\/index.php\/medaille-argent-chateau-des-fougeres-clos-montesquieu-2022\/\"]}]},{\"@type\":\"ImageObject\",\"inLanguage\":\"fr-FR\",\"@id\":\"https:\/\/chateaudesfougeres.fr\/index.php\/medaille-argent-chateau-des-fougeres-clos-montesquieu-2022\/#primaryimage\",\"url\":\"https:\/\/chateaudesfougeres.fr\/wp-content\/uploads\/2025\/09\/7-07-25-MEDAILLE-CDF-2022.png\",\"contentUrl\":\"https:\/\/chateaudesfougeres.fr\/wp-content\/uploads\/2025\/09\/7-07-25-MEDAILLE-CDF-2022.png\",\"width\":1080,\"height\":1350},{\"@type\":\"BreadcrumbList\",\"@id\":\"https:\/\/chateaudesfougeres.fr\/index.php\/medaille-argent-chateau-des-fougeres-clos-montesquieu-2022\/#breadcrumb\",\"itemListElement\":[{\"@type\":\"ListItem\",\"position\":1,\"name\":\"Accueil\",\"item\":\"https:\/\/chateaudesfougeres.fr\/\"},{\"@type\":\"ListItem\",\"position\":2,\"name\":\"M\u00c9DAILLE D&rsquo;ARGENT &#8211; CH\u00c2TEAU DES FOUG\u00c8RES CLOS MONTESQUIEU 2022\"}]},{\"@type\":\"WebSite\",\"@id\":\"https:\/\/chateaudesfougeres.fr\/#website\",\"url\":\"https:\/\/chateaudesfougeres.fr\/\",\"name\":\"CH\u00c2TEAU DES FOUG\u00c8RES\",\"description\":\"\",\"publisher\":{\"@id\":\"https:\/\/chateaudesfougeres.fr\/#organization\"},\"potentialAction\":[{\"@type\":\"SearchAction\",\"target\":{\"@type\":\"EntryPoint\",\"urlTemplate\":\"https:\/\/chateaudesfougeres.fr\/?s={search_term_string}\"},\"query-input\":{\"@type\":\"PropertyValueSpecification\",\"valueRequired\":true,\"valueName\":\"search_term_string\"}}],\"inLanguage\":\"fr-FR\"},{\"@type\":\"Organization\",\"@id\":\"https:\/\/chateaudesfougeres.fr\/#organization\",\"name\":\"CH\u00c2TEAU DES FOUG\u00c8RES\",\"url\":\"https:\/\/chateaudesfougeres.fr\/\",\"logo\":{\"@type\":\"ImageObject\",\"inLanguage\":\"fr-FR\",\"@id\":\"https:\/\/chateaudesfougeres.fr\/#\/schema\/logo\/image\/\",\"url\":\"https:\/\/chateaudesfougeres.fr\/wp-content\/uploads\/2025\/01\/BLASON-CDF-2021-DORE-BLANC-2.png\",\"contentUrl\":\"https:\/\/chateaudesfougeres.fr\/wp-content\/uploads\/2025\/01\/BLASON-CDF-2021-DORE-BLANC-2.png\",\"width\":3576,\"height\":2495,\"caption\":\"CH\u00c2TEAU DES FOUG\u00c8RES\"},\"image\":{\"@id\":\"https:\/\/chateaudesfougeres.fr\/#\/schema\/logo\/image\/\"},\"sameAs\":[\"https:\/\/www.linkedin.com\/company\/chateau-des-fougeres-clos-montesquieu\/?viewAsMember=true\",\"https:\/\/www.instagram.com\/chateau_des_fougeres\/\"]}]}<\/script>\n<!-- \/ Yoast SEO plugin. -->","yoast_head_json":{"title":"M\u00c9DAILLE D'ARGENT - CH\u00c2TEAU DES FOUG\u00c8RES CLOS MONTESQUIEU 2022 - Le Ch\u00e2teau des Foug\u00e8res Clos Montesquieu","description":"Notre mill\u00e9sime Ch\u00e2teau des Foug\u00e8res Clos Montesquieu 2022 est m\u00e9daill\u00e9 d'argent au concours de Bruxelles 2025.","robots":{"index":"index","follow":"follow","max-snippet":"max-snippet:-1","max-image-preview":"max-image-preview:large","max-video-preview":"max-video-preview:-1"},"canonical":"https:\/\/chateaudesfougeres.fr\/index.php\/medaille-argent-chateau-des-fougeres-clos-montesquieu-2022\/","og_locale":"fr_FR","og_type":"article","og_title":"M\u00c9DAILLE D'ARGENT - CH\u00c2TEAU DES FOUG\u00c8RES CLOS MONTESQUIEU 2022 - Le Ch\u00e2teau des Foug\u00e8res Clos Montesquieu","og_description":"Notre mill\u00e9sime Ch\u00e2teau des Foug\u00e8res Clos Montesquieu 2022 est m\u00e9daill\u00e9 d'argent au concours de Bruxelles 2025.","og_url":"https:\/\/chateaudesfougeres.fr\/index.php\/medaille-argent-chateau-des-fougeres-clos-montesquieu-2022\/","og_site_name":"Le Ch\u00e2teau des Foug\u00e8res Clos Montesquieu","article_modified_time":"2025-09-29T09:39:58+00:00","og_image":[{"width":1080,"height":1350,"url":"https:\/\/chateaudesfougeres.fr\/wp-content\/uploads\/2025\/09\/7-07-25-MEDAILLE-CDF-2022.png","type":"image\/png"}],"twitter_card":"summary_large_image","twitter_misc":{"Dur\u00e9e de lecture estim\u00e9e":"2 minutes"},"schema":{"@context":"https:\/\/schema.org","@graph":[{"@type":"WebPage","@id":"https:\/\/chateaudesfougeres.fr\/index.php\/medaille-argent-chateau-des-fougeres-clos-montesquieu-2022\/","url":"https:\/\/chateaudesfougeres.fr\/index.php\/medaille-argent-chateau-des-fougeres-clos-montesquieu-2022\/","name":"M\u00c9DAILLE D'ARGENT - CH\u00c2TEAU DES FOUG\u00c8RES CLOS MONTESQUIEU 2022 - Le Ch\u00e2teau des Foug\u00e8res Clos Montesquieu","isPartOf":{"@id":"https:\/\/chateaudesfougeres.fr\/#website"},"primaryImageOfPage":{"@id":"https:\/\/chateaudesfougeres.fr\/index.php\/medaille-argent-chateau-des-fougeres-clos-montesquieu-2022\/#primaryimage"},"image":{"@id":"https:\/\/chateaudesfougeres.fr\/index.php\/medaille-argent-chateau-des-fougeres-clos-montesquieu-2022\/#primaryimage"},"thumbnailUrl":"https:\/\/chateaudesfougeres.fr\/wp-content\/uploads\/2025\/09\/7-07-25-MEDAILLE-CDF-2022-819x1024.png","datePublished":"2025-09-29T09:38:39+00:00","dateModified":"2025-09-29T09:39:58+00:00","description":"Notre mill\u00e9sime Ch\u00e2teau des Foug\u00e8res Clos Montesquieu 2022 est m\u00e9daill\u00e9 d'argent au concours de Bruxelles 2025.","breadcrumb":{"@id":"https:\/\/chateaudesfougeres.fr\/index.php\/medaille-argent-chateau-des-fougeres-clos-montesquieu-2022\/#breadcrumb"},"inLanguage":"fr-FR","potentialAction":[{"@type":"ReadAction","target":["https:\/\/chateaudesfougeres.fr\/index.php\/medaille-argent-chateau-des-fougeres-clos-montesquieu-2022\/"]}]},{"@type":"ImageObject","inLanguage":"fr-FR","@id":"https:\/\/chateaudesfougeres.fr\/index.php\/medaille-argent-chateau-des-fougeres-clos-montesquieu-2022\/#primaryimage","url":"https:\/\/chateaudesfougeres.fr\/wp-content\/uploads\/2025\/09\/7-07-25-MEDAILLE-CDF-2022.png","contentUrl":"https:\/\/chateaudesfougeres.fr\/wp-content\/uploads\/2025\/09\/7-07-25-MEDAILLE-CDF-2022.png","width":1080,"height":1350},{"@type":"BreadcrumbList","@id":"https:\/\/chateaudesfougeres.fr\/index.php\/medaille-argent-chateau-des-fougeres-clos-montesquieu-2022\/#breadcrumb","itemListElement":[{"@type":"ListItem","position":1,"name":"Accueil","item":"https:\/\/chateaudesfougeres.fr\/"},{"@type":"ListItem","position":2,"name":"M\u00c9DAILLE D&rsquo;ARGENT &#8211; CH\u00c2TEAU DES FOUG\u00c8RES CLOS MONTESQUIEU 2022"}]},{"@type":"WebSite","@id":"https:\/\/chateaudesfougeres.fr\/#website","url":"https:\/\/chateaudesfougeres.fr\/","name":"CH\u00c2TEAU DES FOUG\u00c8RES","description":"","publisher":{"@id":"https:\/\/chateaudesfougeres.fr\/#organization"},"potentialAction":[{"@type":"SearchAction","target":{"@type":"EntryPoint","urlTemplate":"https:\/\/chateaudesfougeres.fr\/?s={search_term_string}"},"query-input":{"@type":"PropertyValueSpecification","valueRequired":true,"valueName":"search_term_string"}}],"inLanguage":"fr-FR"},{"@type":"Organization","@id":"https:\/\/chateaudesfougeres.fr\/#organization","name":"CH\u00c2TEAU DES FOUG\u00c8RES","url":"https:\/\/chateaudesfougeres.fr\/","logo":{"@type":"ImageObject","inLanguage":"fr-FR","@id":"https:\/\/chateaudesfougeres.fr\/#\/schema\/logo\/image\/","url":"https:\/\/chateaudesfougeres.fr\/wp-content\/uploads\/2025\/01\/BLASON-CDF-2021-DORE-BLANC-2.png","contentUrl":"https:\/\/chateaudesfougeres.fr\/wp-content\/uploads\/2025\/01\/BLASON-CDF-2021-DORE-BLANC-2.png","width":3576,"height":2495,"caption":"CH\u00c2TEAU DES FOUG\u00c8RES"},"image":{"@id":"https:\/\/chateaudesfougeres.fr\/#\/schema\/logo\/image\/"},"sameAs":["https:\/\/www.linkedin.com\/company\/chateau-des-fougeres-clos-montesquieu\/?viewAsMember=true","https:\/\/www.instagram.com\/chateau_des_fougeres\/"]}]}},"_links":{"self":[{"href":"https:\/\/chateaudesfougeres.fr\/index.php\/wp-json\/wp\/v2\/pages\/262","targetHints":{"allow":["GET"]}}],"collection":[{"href":"https:\/\/chateaudesfougeres.fr\/index.php\/wp-json\/wp\/v2\/pages"}],"about":[{"href":"https:\/\/chateaudesfougeres.fr\/index.php\/wp-json\/wp\/v2\/types\/page"}],"author":[{"embeddable":true,"href":"https:\/\/chateaudesfougeres.fr\/index.php\/wp-json\/wp\/v2\/users\/1"}],"replies":[{"embeddable":true,"href":"https:\/\/chateaudesfougeres.fr\/index.php\/wp-json\/wp\/v2\/comments?post=262"}],"version-history":[{"count":1,"href":"https:\/\/chateaudesfougeres.fr\/index.php\/wp-json\/wp\/v2\/pages\/262\/revisions"}],"predecessor-version":[{"id":264,"href":"https:\/\/chateaudesfougeres.fr\/index.php\/wp-json\/wp\/v2\/pages\/262\/revisions\/264"}],"wp:attachment":[{"href":"https:\/\/chateaudesfougeres.fr\/index.php\/wp-json\/wp\/v2\/media?parent=262"}],"curies":[{"name":"wp","href":"https:\/\/api.w.org\/{rel}","templated":true}]}}