{"id":28,"date":"2025-01-27T14:08:53","date_gmt":"2025-01-27T14:08:53","guid":{"rendered":"https:\/\/chateaudesfougeres.fr\/?page_id=28"},"modified":"2025-12-17T11:05:36","modified_gmt":"2025-12-17T11:05:36","slug":"les-vins","status":"publish","type":"page","link":"https:\/\/chateaudesfougeres.fr\/index.php\/les-vins\/","title":{"rendered":"LES VINS"},"content":{"rendered":"\n<h2 class=\"wp-block-heading\"><strong>Les vins : nos deux cuv\u00e9es de rouge <\/strong><\/h2>\n\n\n\n<p>Notre vin de garde, d\u00e9nomm\u00e9 \u00ab\u00a0<strong>CH\u00c2TEAU DES FOUG\u00c8RES Clos Montesquieu<\/strong>\u00a0\u00bb est \u00e9lev\u00e9 en f\u00fbts de ch\u00eane pendant 14 \u00e0 18 mois (dont au moins 30% en ch\u00eane neuf). Il est compos\u00e9 habituellement d\u2019environ 70% de cabernet sauvignon et 30% de merlot<strong>.<\/strong><br><strong>Le Ch\u00e2teau des Foug\u00e8res<\/strong>, c\u2019est <strong>l\u2019excellence<\/strong> de ce que le merlot et le cabernet sauvignon expriment \u00e0 travers la vigne et l\u2019assemblage. Un <strong>vin authentique<\/strong>, au <strong>nez intense<\/strong>, d\u2019un <strong>\u00e9quilibre en bouche remarquable<\/strong>, au <strong>potentiel de garde surprenant<\/strong>.\u00a0La quintessence du Clos Montesquieu.\u00a0<\/p>\n\n\n\n<p>Notre autre vin, d\u00e9nomm\u00e9e \u00ab\u00a0<strong>LA RAISON Clos Montesquieu<\/strong>\u00a0\u00bb est un vin tr\u00e8s attrayant et fruit\u00e9, \u00e9lev\u00e9 en cuve durant 14 \u00e0 16 mois. Il est compos\u00e9 habituellement d\u2019environ 30% de cabernet sauvignon et 70% de merlot. Cette cuv\u00e9e est l\u2019objet d\u2019un nouvel habillage faisant clairement r\u00e9f\u00e9rence au philosophe.\u00a0<br><strong>La Raison<\/strong>, c\u2019est la volont\u00e9 d\u2019extraire ce que les vignes ont de plus fruit\u00e9 pour \u00e9laborer un <strong>vin<\/strong> <strong>de partage savoureux<\/strong>. <em>Ar\u00f4mes de fraises, r\u00e9glisse et notes grill\u00e9es<\/em> s\u2019y d\u00e9clinent avec <strong>\u00e9l\u00e9gance <\/strong>au fil des mill\u00e9simes. Souplesse, l\u00e9g\u00e8ret\u00e9, \u00e9quilibre\u2026 <br>Un vin raisonnable\u00a0?\u00a0\u00a0Nous vous laissons le plaisir d\u2019en juger : <a href=\"https:\/\/www.twil.fr\/france\/bordeaux\/clos-montesquieu-chateau-des-fougeres.html\" target=\"_blank\" rel=\"noreferrer noopener\">d\u00e9couvrez-les.<\/a><\/p>\n\n\n\n<p class=\"has-background-color has-text-color has-link-color wp-elements-c5a32d2a79e4bd339550093887b0d47c\"><a href=\"https:\/\/chateaudesfougeres.fr\/index.php\/les-vins\/\">vvvvvvvvvvvvvvvvvvvvvvvvvvvvvvvvvvvvvvvvvvvvvvvvvvvvvvvvvvvvvvvvvvvvvvvvvvvvvvvvvvvvvvv<\/a><\/p>\n\n\n\n<p class=\"has-text-align-center\"><strong>D\u00e9couvrez nos deux derniers vins :<\/strong><\/p>\n\n\n\n<div class=\"wp-block-columns is-layout-flex wp-container-core-columns-is-layout-28f84493 wp-block-columns-is-layout-flex\">\n<div class=\"wp-block-column is-layout-flow wp-block-column-is-layout-flow\" style=\"flex-basis:100%\">\n<div class=\"wp-block-columns is-layout-flex wp-container-core-columns-is-layout-28f84493 wp-block-columns-is-layout-flex\">\n<div class=\"wp-block-column is-layout-flow wp-block-column-is-layout-flow\">\n<figure class=\"wp-block-video\"><video height=\"2244\" style=\"aspect-ratio: 1266 \/ 2244;\" width=\"1266\" autoplay controls loop src=\"https:\/\/chateaudesfougeres.fr\/wp-content\/uploads\/2025\/04\/chateau-des-fougeres-2022-1.mp4\"><\/video><figcaption class=\"wp-element-caption\"><em><strong>Ch\u00e2teau des Foug\u00e8res 2022<\/strong><\/em><\/figcaption><\/figure>\n<\/div>\n\n\n\n<div class=\"wp-block-column is-layout-flow wp-block-column-is-layout-flow\">\n<figure class=\"wp-block-video\"><video height=\"2244\" style=\"aspect-ratio: 1266 \/ 2244;\" width=\"1266\" autoplay controls loop src=\"https:\/\/chateaudesfougeres.fr\/wp-content\/uploads\/2025\/04\/la-raison-2022-2.mp4\"><\/video><figcaption class=\"wp-element-caption\"><em><strong>La Raison 2022<\/strong><\/em><\/figcaption><\/figure>\n<\/div>\n<\/div>\n<\/div>\n<\/div>\n\n\n\n<p><\/p>\n","protected":false},"excerpt":{"rendered":"<p>Les vins : nos deux cuv\u00e9es de rouge Notre vin de garde, d\u00e9nomm\u00e9 \u00ab\u00a0CH\u00c2TEAU DES FOUG\u00c8RES Clos Montesquieu\u00a0\u00bb est \u00e9lev\u00e9 en f\u00fbts de ch\u00eane pendant 14 \u00e0 18 mois (dont au moins 30% en ch\u00eane neuf). Il est compos\u00e9 habituellement d\u2019environ 70% de cabernet sauvignon et 30% de merlot.Le Ch\u00e2teau des Foug\u00e8res, c\u2019est l\u2019excellence de [&hellip;]<\/p>\n","protected":false},"author":1,"featured_media":14,"parent":0,"menu_order":0,"comment_status":"closed","ping_status":"closed","template":"","meta":{"footnotes":""},"class_list":["post-28","page","type-page","status-publish","has-post-thumbnail","hentry"],"yoast_head":"<!-- This site is optimized with the Yoast SEO plugin v26.7 - https:\/\/yoast.com\/wordpress\/plugins\/seo\/ -->\n<title>LES VINS - Le Ch\u00e2teau des Foug\u00e8res Clos Montesquieu<\/title>\n<meta name=\"description\" content=\"D\u00e9couvrez les vins du Ch\u00e2teau des Foug\u00e8res, nos deux cuv\u00e9es rouges : \u00ab le\u00a0Ch\u00e2teau des Foug\u00e8res Clos Montesquieu\u00a0\u00bb et &quot;La Raison&quot;.\" \/>\n<meta name=\"robots\" content=\"index, follow, max-snippet:-1, max-image-preview:large, max-video-preview:-1\" \/>\n<link rel=\"canonical\" href=\"https:\/\/chateaudesfougeres.fr\/index.php\/les-vins\/\" \/>\n<meta property=\"og:locale\" content=\"fr_FR\" \/>\n<meta property=\"og:type\" content=\"article\" \/>\n<meta property=\"og:title\" content=\"LES VINS - Le Ch\u00e2teau des Foug\u00e8res Clos Montesquieu\" \/>\n<meta property=\"og:description\" content=\"D\u00e9couvrez les vins du Ch\u00e2teau des Foug\u00e8res, nos deux cuv\u00e9es rouges : \u00ab le\u00a0Ch\u00e2teau des Foug\u00e8res Clos Montesquieu\u00a0\u00bb et &quot;La Raison&quot;.\" \/>\n<meta property=\"og:url\" content=\"https:\/\/chateaudesfougeres.fr\/index.php\/les-vins\/\" \/>\n<meta property=\"og:site_name\" content=\"Le Ch\u00e2teau des Foug\u00e8res Clos Montesquieu\" \/>\n<meta property=\"article:modified_time\" content=\"2025-12-17T11:05:36+00:00\" \/>\n<meta property=\"og:image\" content=\"https:\/\/chateaudesfougeres.fr\/wp-content\/uploads\/2025\/01\/Design-sans-titre.jpeg\" \/>\n\t<meta property=\"og:image:width\" content=\"2048\" \/>\n\t<meta property=\"og:image:height\" content=\"1536\" \/>\n\t<meta property=\"og:image:type\" content=\"image\/jpeg\" \/>\n<meta name=\"twitter:card\" content=\"summary_large_image\" \/>\n<meta name=\"twitter:label1\" content=\"Dur\u00e9e de lecture estim\u00e9e\" \/>\n\t<meta name=\"twitter:data1\" content=\"2 minutes\" \/>\n<script type=\"application\/ld+json\" class=\"yoast-schema-graph\">{\"@context\":\"https:\/\/schema.org\",\"@graph\":[{\"@type\":\"WebPage\",\"@id\":\"https:\/\/chateaudesfougeres.fr\/index.php\/les-vins\/\",\"url\":\"https:\/\/chateaudesfougeres.fr\/index.php\/les-vins\/\",\"name\":\"LES VINS - Le Ch\u00e2teau des Foug\u00e8res Clos Montesquieu\",\"isPartOf\":{\"@id\":\"https:\/\/chateaudesfougeres.fr\/#website\"},\"primaryImageOfPage\":{\"@id\":\"https:\/\/chateaudesfougeres.fr\/index.php\/les-vins\/#primaryimage\"},\"image\":{\"@id\":\"https:\/\/chateaudesfougeres.fr\/index.php\/les-vins\/#primaryimage\"},\"thumbnailUrl\":\"https:\/\/chateaudesfougeres.fr\/wp-content\/uploads\/2025\/01\/Design-sans-titre.jpeg\",\"datePublished\":\"2025-01-27T14:08:53+00:00\",\"dateModified\":\"2025-12-17T11:05:36+00:00\",\"description\":\"D\u00e9couvrez les vins du Ch\u00e2teau des Foug\u00e8res, nos deux cuv\u00e9es rouges : \u00ab le\u00a0Ch\u00e2teau des Foug\u00e8res Clos Montesquieu\u00a0\u00bb et \\\"La Raison\\\".\",\"breadcrumb\":{\"@id\":\"https:\/\/chateaudesfougeres.fr\/index.php\/les-vins\/#breadcrumb\"},\"inLanguage\":\"fr-FR\",\"potentialAction\":[{\"@type\":\"ReadAction\",\"target\":[\"https:\/\/chateaudesfougeres.fr\/index.php\/les-vins\/\"]}]},{\"@type\":\"ImageObject\",\"inLanguage\":\"fr-FR\",\"@id\":\"https:\/\/chateaudesfougeres.fr\/index.php\/les-vins\/#primaryimage\",\"url\":\"https:\/\/chateaudesfougeres.fr\/wp-content\/uploads\/2025\/01\/Design-sans-titre.jpeg\",\"contentUrl\":\"https:\/\/chateaudesfougeres.fr\/wp-content\/uploads\/2025\/01\/Design-sans-titre.jpeg\",\"width\":2048,\"height\":1536,\"caption\":\"les vins\"},{\"@type\":\"BreadcrumbList\",\"@id\":\"https:\/\/chateaudesfougeres.fr\/index.php\/les-vins\/#breadcrumb\",\"itemListElement\":[{\"@type\":\"ListItem\",\"position\":1,\"name\":\"Accueil\",\"item\":\"https:\/\/chateaudesfougeres.fr\/\"},{\"@type\":\"ListItem\",\"position\":2,\"name\":\"LES VINS\"}]},{\"@type\":\"WebSite\",\"@id\":\"https:\/\/chateaudesfougeres.fr\/#website\",\"url\":\"https:\/\/chateaudesfougeres.fr\/\",\"name\":\"CH\u00c2TEAU DES FOUG\u00c8RES\",\"description\":\"\",\"publisher\":{\"@id\":\"https:\/\/chateaudesfougeres.fr\/#organization\"},\"potentialAction\":[{\"@type\":\"SearchAction\",\"target\":{\"@type\":\"EntryPoint\",\"urlTemplate\":\"https:\/\/chateaudesfougeres.fr\/?s={search_term_string}\"},\"query-input\":{\"@type\":\"PropertyValueSpecification\",\"valueRequired\":true,\"valueName\":\"search_term_string\"}}],\"inLanguage\":\"fr-FR\"},{\"@type\":\"Organization\",\"@id\":\"https:\/\/chateaudesfougeres.fr\/#organization\",\"name\":\"CH\u00c2TEAU DES FOUG\u00c8RES\",\"url\":\"https:\/\/chateaudesfougeres.fr\/\",\"logo\":{\"@type\":\"ImageObject\",\"inLanguage\":\"fr-FR\",\"@id\":\"https:\/\/chateaudesfougeres.fr\/#\/schema\/logo\/image\/\",\"url\":\"https:\/\/chateaudesfougeres.fr\/wp-content\/uploads\/2025\/01\/BLASON-CDF-2021-DORE-BLANC-2.png\",\"contentUrl\":\"https:\/\/chateaudesfougeres.fr\/wp-content\/uploads\/2025\/01\/BLASON-CDF-2021-DORE-BLANC-2.png\",\"width\":3576,\"height\":2495,\"caption\":\"CH\u00c2TEAU DES FOUG\u00c8RES\"},\"image\":{\"@id\":\"https:\/\/chateaudesfougeres.fr\/#\/schema\/logo\/image\/\"},\"sameAs\":[\"https:\/\/www.linkedin.com\/company\/chateau-des-fougeres-clos-montesquieu\/?viewAsMember=true\",\"https:\/\/www.instagram.com\/chateau_des_fougeres\/\"]}]}<\/script>\n<!-- \/ Yoast SEO plugin. -->","yoast_head_json":{"title":"LES VINS - Le Ch\u00e2teau des Foug\u00e8res Clos Montesquieu","description":"D\u00e9couvrez les vins du Ch\u00e2teau des Foug\u00e8res, nos deux cuv\u00e9es rouges : \u00ab le\u00a0Ch\u00e2teau des Foug\u00e8res Clos Montesquieu\u00a0\u00bb et \"La Raison\".","robots":{"index":"index","follow":"follow","max-snippet":"max-snippet:-1","max-image-preview":"max-image-preview:large","max-video-preview":"max-video-preview:-1"},"canonical":"https:\/\/chateaudesfougeres.fr\/index.php\/les-vins\/","og_locale":"fr_FR","og_type":"article","og_title":"LES VINS - Le Ch\u00e2teau des Foug\u00e8res Clos Montesquieu","og_description":"D\u00e9couvrez les vins du Ch\u00e2teau des Foug\u00e8res, nos deux cuv\u00e9es rouges : \u00ab le\u00a0Ch\u00e2teau des Foug\u00e8res Clos Montesquieu\u00a0\u00bb et \"La Raison\".","og_url":"https:\/\/chateaudesfougeres.fr\/index.php\/les-vins\/","og_site_name":"Le Ch\u00e2teau des Foug\u00e8res Clos Montesquieu","article_modified_time":"2025-12-17T11:05:36+00:00","og_image":[{"width":2048,"height":1536,"url":"https:\/\/chateaudesfougeres.fr\/wp-content\/uploads\/2025\/01\/Design-sans-titre.jpeg","type":"image\/jpeg"}],"twitter_card":"summary_large_image","twitter_misc":{"Dur\u00e9e de lecture estim\u00e9e":"2 minutes"},"schema":{"@context":"https:\/\/schema.org","@graph":[{"@type":"WebPage","@id":"https:\/\/chateaudesfougeres.fr\/index.php\/les-vins\/","url":"https:\/\/chateaudesfougeres.fr\/index.php\/les-vins\/","name":"LES VINS - Le Ch\u00e2teau des Foug\u00e8res Clos Montesquieu","isPartOf":{"@id":"https:\/\/chateaudesfougeres.fr\/#website"},"primaryImageOfPage":{"@id":"https:\/\/chateaudesfougeres.fr\/index.php\/les-vins\/#primaryimage"},"image":{"@id":"https:\/\/chateaudesfougeres.fr\/index.php\/les-vins\/#primaryimage"},"thumbnailUrl":"https:\/\/chateaudesfougeres.fr\/wp-content\/uploads\/2025\/01\/Design-sans-titre.jpeg","datePublished":"2025-01-27T14:08:53+00:00","dateModified":"2025-12-17T11:05:36+00:00","description":"D\u00e9couvrez les vins du Ch\u00e2teau des Foug\u00e8res, nos deux cuv\u00e9es rouges : \u00ab le\u00a0Ch\u00e2teau des Foug\u00e8res Clos Montesquieu\u00a0\u00bb et \"La Raison\".","breadcrumb":{"@id":"https:\/\/chateaudesfougeres.fr\/index.php\/les-vins\/#breadcrumb"},"inLanguage":"fr-FR","potentialAction":[{"@type":"ReadAction","target":["https:\/\/chateaudesfougeres.fr\/index.php\/les-vins\/"]}]},{"@type":"ImageObject","inLanguage":"fr-FR","@id":"https:\/\/chateaudesfougeres.fr\/index.php\/les-vins\/#primaryimage","url":"https:\/\/chateaudesfougeres.fr\/wp-content\/uploads\/2025\/01\/Design-sans-titre.jpeg","contentUrl":"https:\/\/chateaudesfougeres.fr\/wp-content\/uploads\/2025\/01\/Design-sans-titre.jpeg","width":2048,"height":1536,"caption":"les vins"},{"@type":"BreadcrumbList","@id":"https:\/\/chateaudesfougeres.fr\/index.php\/les-vins\/#breadcrumb","itemListElement":[{"@type":"ListItem","position":1,"name":"Accueil","item":"https:\/\/chateaudesfougeres.fr\/"},{"@type":"ListItem","position":2,"name":"LES VINS"}]},{"@type":"WebSite","@id":"https:\/\/chateaudesfougeres.fr\/#website","url":"https:\/\/chateaudesfougeres.fr\/","name":"CH\u00c2TEAU DES FOUG\u00c8RES","description":"","publisher":{"@id":"https:\/\/chateaudesfougeres.fr\/#organization"},"potentialAction":[{"@type":"SearchAction","target":{"@type":"EntryPoint","urlTemplate":"https:\/\/chateaudesfougeres.fr\/?s={search_term_string}"},"query-input":{"@type":"PropertyValueSpecification","valueRequired":true,"valueName":"search_term_string"}}],"inLanguage":"fr-FR"},{"@type":"Organization","@id":"https:\/\/chateaudesfougeres.fr\/#organization","name":"CH\u00c2TEAU DES FOUG\u00c8RES","url":"https:\/\/chateaudesfougeres.fr\/","logo":{"@type":"ImageObject","inLanguage":"fr-FR","@id":"https:\/\/chateaudesfougeres.fr\/#\/schema\/logo\/image\/","url":"https:\/\/chateaudesfougeres.fr\/wp-content\/uploads\/2025\/01\/BLASON-CDF-2021-DORE-BLANC-2.png","contentUrl":"https:\/\/chateaudesfougeres.fr\/wp-content\/uploads\/2025\/01\/BLASON-CDF-2021-DORE-BLANC-2.png","width":3576,"height":2495,"caption":"CH\u00c2TEAU DES FOUG\u00c8RES"},"image":{"@id":"https:\/\/chateaudesfougeres.fr\/#\/schema\/logo\/image\/"},"sameAs":["https:\/\/www.linkedin.com\/company\/chateau-des-fougeres-clos-montesquieu\/?viewAsMember=true","https:\/\/www.instagram.com\/chateau_des_fougeres\/"]}]}},"_links":{"self":[{"href":"https:\/\/chateaudesfougeres.fr\/index.php\/wp-json\/wp\/v2\/pages\/28","targetHints":{"allow":["GET"]}}],"collection":[{"href":"https:\/\/chateaudesfougeres.fr\/index.php\/wp-json\/wp\/v2\/pages"}],"about":[{"href":"https:\/\/chateaudesfougeres.fr\/index.php\/wp-json\/wp\/v2\/types\/page"}],"author":[{"embeddable":true,"href":"https:\/\/chateaudesfougeres.fr\/index.php\/wp-json\/wp\/v2\/users\/1"}],"replies":[{"embeddable":true,"href":"https:\/\/chateaudesfougeres.fr\/index.php\/wp-json\/wp\/v2\/comments?post=28"}],"version-history":[{"count":21,"href":"https:\/\/chateaudesfougeres.fr\/index.php\/wp-json\/wp\/v2\/pages\/28\/revisions"}],"predecessor-version":[{"id":285,"href":"https:\/\/chateaudesfougeres.fr\/index.php\/wp-json\/wp\/v2\/pages\/28\/revisions\/285"}],"wp:featuredmedia":[{"embeddable":true,"href":"https:\/\/chateaudesfougeres.fr\/index.php\/wp-json\/wp\/v2\/media\/14"}],"wp:attachment":[{"href":"https:\/\/chateaudesfougeres.fr\/index.php\/wp-json\/wp\/v2\/media?parent=28"}],"curies":[{"name":"wp","href":"https:\/\/api.w.org\/{rel}","templated":true}]}}